{"id":698,"date":"2009-07-02T20:47:59","date_gmt":"2009-07-03T02:47:59","guid":{"rendered":"http:\/\/denjustpeace.org\/wordpress\/?page_id=698"},"modified":"2019-03-13T19:30:48","modified_gmt":"2019-03-14T01:30:48","slug":"committees","status":"publish","type":"page","link":"https:\/\/denjustpeace.org\/es\/about\/committees\/","title":{"rendered":"Comit\u00e9s"},"content":{"rendered":"<p><strong>DJPC tiene varios comit\u00e9s que trabajan en temas de derechos humanos en Am\u00e9rica Latina.<\/strong> Comit\u00e9 de Defensa y Activismo No Violento, Comit\u00e9 de CAMINOS \/ PROMESA, Comit\u00e9 de Inform\u00e1tica, Comit\u00e9 de Semilla de Mostaza, Comit\u00e9 de Series de Discusi\u00f3n en Sal\u00f3n, Comit\u00e9 de Eventos Especiales. \u00a1Para participar, visite la p\u00e1gina \u00abActuar\u00bb para unirse a uno o m\u00e1s de estos comit\u00e9s!<\/p>\n<h1><strong>Comit\u00e9 de Defensa<\/strong><\/h1>\n<h1><strong><a href=\"http:\/\/denjustpeace.org\/wordpress\/wp-content\/uploads\/pic3.jpg\"><img loading=\"lazy\" decoding=\"async\" class=\"size-medium wp-image-3740 alignleft\" src=\"http:\/\/denjustpeace.org\/wordpress\/wp-content\/uploads\/pic3-300x225.jpg\" alt=\"pic3\" width=\"285\" height=\"214\" srcset=\"https:\/\/denjustpeace.org\/wordpress\/wp-content\/uploads\/pic3-300x225.jpg 300w, https:\/\/denjustpeace.org\/wordpress\/wp-content\/uploads\/pic3.jpg 320w\" sizes=\"(max-width: 285px) 100vw, 285px\" \/><\/a><\/strong><\/h1>\n<p>El Comit\u00e9 de Defensa aborda y supervisa las pol\u00edticas de Estados Unidos sobre asuntos de derechos humanos y justicia econ\u00f3mica que impactan al pueblo de Am\u00e9rica Latina. Cada a\u00f1o se priorizan temas espec\u00edficos, por ejemplo, en 2013, los derechos humanos en Honduras y el Acuerdo de Asociaci\u00f3n Transpac\u00edfico. El Comit\u00e9 de Defensa a menudo colabora con organizaciones nacionales para obtener recursos y lograr un mayor impacto. El Comit\u00e9 de Defensa promueve la membres\u00eda de DJPC a trav\u00e9s de alertas de acci\u00f3n, visitas al Congreso, etc. Para poder ampliar el alcance de sus actividades, el Comit\u00e9 de Defensa agradecer\u00eda su participaci\u00f3n. Si est\u00e1 interesado en participar, por favor cont\u00e1ctenos!<\/p>\n<h1><strong>Comit\u00e9 de MineWatch<\/strong><\/h1>\n<p>El Comit\u00e9 de Justicia y Paz de Denver se dedica a promover los derechos humanos en Am\u00e9rica Latina a trav\u00e9s de la educaci\u00f3n, proyectos solidarios y activismo no violento. Intensificando estos objetivos, DJPC ha formado recientemente MineWatch, un grupo que responde al problema de la extracci\u00f3n de oro\u00a0oro como una preocupaci\u00f3n de derechos humanos en Am\u00e9rica Central y del Sur.<\/p>\n<p>En MineWatch estamos haciendo campa\u00f1a para que Newmont Mining Corporation rinda cuentas al pueblo de Per\u00fa. Nuestro primer paso para crear transparencia ha sido creando conciencia en la comunidad.<img loading=\"lazy\" decoding=\"async\" class=\"size-medium wp-image-3934 alignright\" src=\"http:\/\/denjustpeace.org\/wordpress\/wp-content\/uploads\/Picture1-300x200.jpg\" alt=\"Picture1\" width=\"300\" height=\"200\" srcset=\"https:\/\/denjustpeace.org\/wordpress\/wp-content\/uploads\/Picture1-300x200.jpg 300w, https:\/\/denjustpeace.org\/wordpress\/wp-content\/uploads\/Picture1.jpg 960w\" sizes=\"(max-width: 300px) 100vw, 300px\" \/>\u00a0Estos esfuerzos de difusi\u00f3n se han centrado en proporcionar presentaciones a organizaciones y escuelas en el \u00e1rea de Denver para educar a la comunidad sobre la lucha Peruana por los derechos humanos. Los Peruanos, espec\u00edficamente ubicados en Celendin, est\u00e1n protestando por su derecho al agua. Tambi\u00e9n protestan contra la construcci\u00f3n de una nueva mina, Minera Conga, que amenazar\u00eda al medio ambiente, la salud humana y animal y, en \u00faltima instancia, la vida en Per\u00fa.<\/p>\n<h1><strong><a href=\"http:\/\/denjustpeace.org\/wordpress\/wp-content\/uploads\/pic4.jpg\"><img loading=\"lazy\" decoding=\"async\" class=\"size-full wp-image-3745 alignleft\" src=\"http:\/\/denjustpeace.org\/wordpress\/wp-content\/uploads\/pic4.jpg\" alt=\"pic4\" width=\"300\" height=\"195\" \/><\/a>Comit\u00e9 de Tecnolog\u00eda de la Informaci\u00f3n<\/strong><\/h1>\n<p>El Comit\u00e9 de TI est\u00e1 formado por voluntarios con distintos niveles de experiencia en el campo de la inform\u00e1tica y de Internet. Las ideas son altamente valoradas, por lo tanto, a\u00fan si usted no es una persona orientada a la computaci\u00f3n, sus ideas podr\u00edan contribuir mucho. Por favor considere unirse a nosotros! Los miembros actuales incluyen (ver foto de izquierda a derecha) Jerry Stookey, Patricia Davis, Bill Zimmerman, Hayden Gore, Jordan Schulz, Peter Taylor y, no se muestra, Tom DeJohn.<\/p>\n<h1>Comit\u00e9 de Forums<\/h1>\n<p>DJPC presenta discusiones mensuales informativas, interactivas y estimulantes entre personas que est\u00e1n preocupadas por la paz y la justicia en el mundo de hoy.<\/p>\n<p><img loading=\"lazy\" decoding=\"async\" class=\"size-medium wp-image-3771 alignright\" src=\"http:\/\/denjustpeace.org\/wordpress\/wp-content\/uploads\/pic71-300x225.jpg\" alt=\"pic7\" width=\"300\" height=\"225\" srcset=\"https:\/\/denjustpeace.org\/wordpress\/wp-content\/uploads\/pic71-300x225.jpg 300w, https:\/\/denjustpeace.org\/wordpress\/wp-content\/uploads\/pic71.jpg 960w\" sizes=\"(max-width: 300px) 100vw, 300px\" \/>Nuestro Comit\u00e9 de Series de Sal\u00f3n sirve para explorar futuros temas de Sal\u00f3n, posibles oradores y documentales. A trav\u00e9s de un intercambio de ideas, el Comit\u00e9 busca mejorar la asistencia al Sal\u00f3n, la participaci\u00f3n de los miembros y, en general, contribuir a los esfuerzos informativos y activos de DJPC. Hasta ahora, el Comit\u00e9 incluye a Rebeca Z\u00faniga-Hamlin (Directora de Servicios de Programa de DJPC) y Connie Curtis (Presidenta de DJPC). Actualmente estamos buscando voluntarios para unirse al Comit\u00e9 de Series de Sal\u00f3n, as\u00ed que no dude en contactarnos si le interesa. Adem\u00e1s, para obtener informaci\u00f3n sobre nuestros pr\u00f3ximos Salones, visite nuestras publicaciones destacadas y agenda.<\/p>\n<h1>Comit\u00e9 de Eventos Especiales<\/h1>\n<p><strong><a href=\"http:\/\/denjustpeace.org\/wordpress\/wp-content\/uploads\/pic8.jpg\"><img loading=\"lazy\" decoding=\"async\" class=\"size-full wp-image-3753 alignright\" src=\"http:\/\/denjustpeace.org\/wordpress\/wp-content\/uploads\/pic8.jpg\" alt=\"pic8\" width=\"290\" height=\"225\" \/><\/a><\/strong>El Comit\u00e9 de Eventos Especiales tiene una amplia variedad de responsabilidades, pero el principal foco de atenci\u00f3n es la ceremonia anual de entrega de premios, la Noche de Premios de Justicia Global y Paz de DJPC. Este evento se lleva a cabo en noviembre y es un buen momento para DJPC para honrar a las personas que realmente hacen una diferencia en el mundo a trav\u00e9s de sus acciones pac\u00edficas y justas. Todas las ideas, experiencias y aportes son apreciados, y este comit\u00e9 hace un trabajo incre\u00edble en la planificaci\u00f3n de esta noche tan importante. \u00a1Nos encantar\u00edan m\u00e1s voluntarios y esperamos que nos contacte para involucrarse!<\/p>\n<p><strong>\u00a0<\/strong><\/p>","protected":false},"excerpt":{"rendered":"<p>DJPC tiene varios comit\u00e9s que trabajan en temas de derechos humanos en Am\u00e9rica Latina. Comit\u00e9 de Defensa y Activismo No Violento, Comit\u00e9 de CAMINOS \/ PROMESA, Comit\u00e9 de Inform\u00e1tica, Comit\u00e9 de Semilla de Mostaza, Comit\u00e9 de Series de Discusi\u00f3n en Sal\u00f3n, Comit\u00e9 de Eventos Especiales. \u00a1Para participar, visite la p\u00e1gina \u00abActuar\u00bb para unirse a uno &hellip; <a href=\"https:\/\/denjustpeace.org\/es\/about\/committees\/\" class=\"more-link\">Continue reading <span class=\"screen-reader-text\">Comit\u00e9s<\/span><\/a><\/p>\n","protected":false},"author":5,"featured_media":3740,"parent":2,"menu_order":3,"comment_status":"open","ping_status":"open","template":"","meta":{"footnotes":"","_links_to":"","_links_to_target":""},"yoast_head":"<!-- This site is optimized with the Yoast SEO plugin v23.5 - https:\/\/yoast.com\/wordpress\/plugins\/seo\/ -->\n<title>Comit\u00e9s - Denver Justice &amp; Peace Committee<\/title>\n<meta name=\"robots\" content=\"index, follow, max-snippet:-1, max-image-preview:large, max-video-preview:-1\" \/>\n<link rel=\"canonical\" href=\"https:\/\/denjustpeace.org\/es\/about\/committees\/\" \/>\n<meta property=\"og:locale\" content=\"es_ES\" \/>\n<meta property=\"og:type\" content=\"article\" \/>\n<meta property=\"og:title\" content=\"Comit\u00e9s - Denver Justice &amp; Peace Committee\" \/>\n<meta property=\"og:description\" content=\"DJPC tiene varios comit\u00e9s que trabajan en temas de derechos humanos en Am\u00e9rica Latina. Comit\u00e9 de Defensa y Activismo No Violento, Comit\u00e9 de CAMINOS \/ PROMESA, Comit\u00e9 de Inform\u00e1tica, Comit\u00e9 de Semilla de Mostaza, Comit\u00e9 de Series de Discusi\u00f3n en Sal\u00f3n, Comit\u00e9 de Eventos Especiales. \u00a1Para participar, visite la p\u00e1gina \u00abActuar\u00bb para unirse a uno &hellip; Continue reading Comit\u00e9s\" \/>\n<meta property=\"og:url\" content=\"https:\/\/denjustpeace.org\/es\/about\/committees\/\" \/>\n<meta property=\"og:site_name\" content=\"Denver Justice &amp; Peace Committee\" \/>\n<meta property=\"article:publisher\" content=\"https:\/\/www.facebook.com\/DenverJusticeandPeaceCommittee\/\" \/>\n<meta property=\"article:modified_time\" content=\"2019-03-14T01:30:48+00:00\" \/>\n<meta property=\"og:image\" content=\"https:\/\/denjustpeace.org\/wordpress\/wp-content\/uploads\/pic3.jpg\" \/>\n\t<meta property=\"og:image:width\" content=\"320\" \/>\n\t<meta property=\"og:image:height\" content=\"240\" \/>\n\t<meta property=\"og:image:type\" content=\"image\/jpeg\" \/>\n<meta name=\"twitter:card\" content=\"summary_large_image\" \/>\n<meta name=\"twitter:site\" content=\"@denjustpeace\" \/>\n<meta name=\"twitter:label1\" content=\"Tiempo de lectura\" \/>\n\t<meta name=\"twitter:data1\" content=\"7 minutos\" \/>\n<script type=\"application\/ld+json\" class=\"yoast-schema-graph\">{\"@context\":\"https:\/\/schema.org\",\"@graph\":[{\"@type\":\"WebPage\",\"@id\":\"https:\/\/denjustpeace.org\/es\/about\/committees\/\",\"url\":\"https:\/\/denjustpeace.org\/es\/about\/committees\/\",\"name\":\"Comit\u00e9s - Denver Justice &amp; Peace Committee\",\"isPartOf\":{\"@id\":\"https:\/\/denjustpeace.org\/es\/#website\"},\"primaryImageOfPage\":{\"@id\":\"https:\/\/denjustpeace.org\/es\/about\/committees\/#primaryimage\"},\"image\":{\"@id\":\"https:\/\/denjustpeace.org\/es\/about\/committees\/#primaryimage\"},\"thumbnailUrl\":\"https:\/\/denjustpeace.org\/wordpress\/wp-content\/uploads\/pic3.jpg\",\"datePublished\":\"2009-07-03T02:47:59+00:00\",\"dateModified\":\"2019-03-14T01:30:48+00:00\",\"breadcrumb\":{\"@id\":\"https:\/\/denjustpeace.org\/es\/about\/committees\/#breadcrumb\"},\"inLanguage\":\"es\",\"potentialAction\":[{\"@type\":\"ReadAction\",\"target\":[\"https:\/\/denjustpeace.org\/es\/about\/committees\/\"]}]},{\"@type\":\"ImageObject\",\"inLanguage\":\"es\",\"@id\":\"https:\/\/denjustpeace.org\/es\/about\/committees\/#primaryimage\",\"url\":\"https:\/\/denjustpeace.org\/wordpress\/wp-content\/uploads\/pic3.jpg\",\"contentUrl\":\"https:\/\/denjustpeace.org\/wordpress\/wp-content\/uploads\/pic3.jpg\",\"width\":320,\"height\":240},{\"@type\":\"BreadcrumbList\",\"@id\":\"https:\/\/denjustpeace.org\/es\/about\/committees\/#breadcrumb\",\"itemListElement\":[{\"@type\":\"ListItem\",\"position\":1,\"name\":\"Home\",\"item\":\"https:\/\/denjustpeace.org\/es\/\"},{\"@type\":\"ListItem\",\"position\":2,\"name\":\"Qui\u00e9nes Somos\",\"item\":\"https:\/\/denjustpeace.org\/es\/about\/\"},{\"@type\":\"ListItem\",\"position\":3,\"name\":\"Comit\u00e9s\"}]},{\"@type\":\"WebSite\",\"@id\":\"https:\/\/denjustpeace.org\/es\/#website\",\"url\":\"https:\/\/denjustpeace.org\/es\/\",\"name\":\"Denver Justice &amp; Peace Committee\",\"description\":\"\",\"publisher\":{\"@id\":\"https:\/\/denjustpeace.org\/es\/#organization\"},\"potentialAction\":[{\"@type\":\"SearchAction\",\"target\":{\"@type\":\"EntryPoint\",\"urlTemplate\":\"https:\/\/denjustpeace.org\/es\/?s={search_term_string}\"},\"query-input\":{\"@type\":\"PropertyValueSpecification\",\"valueRequired\":true,\"valueName\":\"search_term_string\"}}],\"inLanguage\":\"es\"},{\"@type\":\"Organization\",\"@id\":\"https:\/\/denjustpeace.org\/es\/#organization\",\"name\":\"Denver Justice & Peace Committee\",\"url\":\"https:\/\/denjustpeace.org\/es\/\",\"logo\":{\"@type\":\"ImageObject\",\"inLanguage\":\"es\",\"@id\":\"https:\/\/denjustpeace.org\/es\/#\/schema\/logo\/image\/\",\"url\":\"http:\/\/denjustpeace.org\/wordpress\/wp-content\/uploads\/djpclogo.jpg\",\"contentUrl\":\"http:\/\/denjustpeace.org\/wordpress\/wp-content\/uploads\/djpclogo.jpg\",\"width\":260,\"height\":260,\"caption\":\"Denver Justice & Peace Committee\"},\"image\":{\"@id\":\"https:\/\/denjustpeace.org\/es\/#\/schema\/logo\/image\/\"},\"sameAs\":[\"https:\/\/www.facebook.com\/DenverJusticeandPeaceCommittee\/\",\"https:\/\/x.com\/denjustpeace\"]}]}<\/script>\n<!-- \/ Yoast SEO plugin. -->","yoast_head_json":{"title":"Comit\u00e9s - Denver Justice &amp; Peace Committee","robots":{"index":"index","follow":"follow","max-snippet":"max-snippet:-1","max-image-preview":"max-image-preview:large","max-video-preview":"max-video-preview:-1"},"canonical":"https:\/\/denjustpeace.org\/es\/about\/committees\/","og_locale":"es_ES","og_type":"article","og_title":"Comit\u00e9s - Denver Justice &amp; Peace Committee","og_description":"DJPC tiene varios comit\u00e9s que trabajan en temas de derechos humanos en Am\u00e9rica Latina. Comit\u00e9 de Defensa y Activismo No Violento, Comit\u00e9 de CAMINOS \/ PROMESA, Comit\u00e9 de Inform\u00e1tica, Comit\u00e9 de Semilla de Mostaza, Comit\u00e9 de Series de Discusi\u00f3n en Sal\u00f3n, Comit\u00e9 de Eventos Especiales. \u00a1Para participar, visite la p\u00e1gina \u00abActuar\u00bb para unirse a uno &hellip; Continue reading Comit\u00e9s","og_url":"https:\/\/denjustpeace.org\/es\/about\/committees\/","og_site_name":"Denver Justice &amp; Peace Committee","article_publisher":"https:\/\/www.facebook.com\/DenverJusticeandPeaceCommittee\/","article_modified_time":"2019-03-14T01:30:48+00:00","og_image":[{"width":320,"height":240,"url":"https:\/\/denjustpeace.org\/wordpress\/wp-content\/uploads\/pic3.jpg","type":"image\/jpeg"}],"twitter_card":"summary_large_image","twitter_site":"@denjustpeace","twitter_misc":{"Tiempo de lectura":"7 minutos"},"schema":{"@context":"https:\/\/schema.org","@graph":[{"@type":"WebPage","@id":"https:\/\/denjustpeace.org\/es\/about\/committees\/","url":"https:\/\/denjustpeace.org\/es\/about\/committees\/","name":"Comit\u00e9s - Denver Justice &amp; Peace Committee","isPartOf":{"@id":"https:\/\/denjustpeace.org\/es\/#website"},"primaryImageOfPage":{"@id":"https:\/\/denjustpeace.org\/es\/about\/committees\/#primaryimage"},"image":{"@id":"https:\/\/denjustpeace.org\/es\/about\/committees\/#primaryimage"},"thumbnailUrl":"https:\/\/denjustpeace.org\/wordpress\/wp-content\/uploads\/pic3.jpg","datePublished":"2009-07-03T02:47:59+00:00","dateModified":"2019-03-14T01:30:48+00:00","breadcrumb":{"@id":"https:\/\/denjustpeace.org\/es\/about\/committees\/#breadcrumb"},"inLanguage":"es","potentialAction":[{"@type":"ReadAction","target":["https:\/\/denjustpeace.org\/es\/about\/committees\/"]}]},{"@type":"ImageObject","inLanguage":"es","@id":"https:\/\/denjustpeace.org\/es\/about\/committees\/#primaryimage","url":"https:\/\/denjustpeace.org\/wordpress\/wp-content\/uploads\/pic3.jpg","contentUrl":"https:\/\/denjustpeace.org\/wordpress\/wp-content\/uploads\/pic3.jpg","width":320,"height":240},{"@type":"BreadcrumbList","@id":"https:\/\/denjustpeace.org\/es\/about\/committees\/#breadcrumb","itemListElement":[{"@type":"ListItem","position":1,"name":"Home","item":"https:\/\/denjustpeace.org\/es\/"},{"@type":"ListItem","position":2,"name":"Qui\u00e9nes Somos","item":"https:\/\/denjustpeace.org\/es\/about\/"},{"@type":"ListItem","position":3,"name":"Comit\u00e9s"}]},{"@type":"WebSite","@id":"https:\/\/denjustpeace.org\/es\/#website","url":"https:\/\/denjustpeace.org\/es\/","name":"Denver Justice &amp; Peace Committee","description":"","publisher":{"@id":"https:\/\/denjustpeace.org\/es\/#organization"},"potentialAction":[{"@type":"SearchAction","target":{"@type":"EntryPoint","urlTemplate":"https:\/\/denjustpeace.org\/es\/?s={search_term_string}"},"query-input":{"@type":"PropertyValueSpecification","valueRequired":true,"valueName":"search_term_string"}}],"inLanguage":"es"},{"@type":"Organization","@id":"https:\/\/denjustpeace.org\/es\/#organization","name":"Denver Justice & Peace Committee","url":"https:\/\/denjustpeace.org\/es\/","logo":{"@type":"ImageObject","inLanguage":"es","@id":"https:\/\/denjustpeace.org\/es\/#\/schema\/logo\/image\/","url":"http:\/\/denjustpeace.org\/wordpress\/wp-content\/uploads\/djpclogo.jpg","contentUrl":"http:\/\/denjustpeace.org\/wordpress\/wp-content\/uploads\/djpclogo.jpg","width":260,"height":260,"caption":"Denver Justice & Peace Committee"},"image":{"@id":"https:\/\/denjustpeace.org\/es\/#\/schema\/logo\/image\/"},"sameAs":["https:\/\/www.facebook.com\/DenverJusticeandPeaceCommittee\/","https:\/\/x.com\/denjustpeace"]}]}},"_links":{"self":[{"href":"https:\/\/denjustpeace.org\/es\/wp-json\/wp\/v2\/pages\/698"}],"collection":[{"href":"https:\/\/denjustpeace.org\/es\/wp-json\/wp\/v2\/pages"}],"about":[{"href":"https:\/\/denjustpeace.org\/es\/wp-json\/wp\/v2\/types\/page"}],"author":[{"embeddable":true,"href":"https:\/\/denjustpeace.org\/es\/wp-json\/wp\/v2\/users\/5"}],"replies":[{"embeddable":true,"href":"https:\/\/denjustpeace.org\/es\/wp-json\/wp\/v2\/comments?post=698"}],"version-history":[{"count":41,"href":"https:\/\/denjustpeace.org\/es\/wp-json\/wp\/v2\/pages\/698\/revisions"}],"predecessor-version":[{"id":8225,"href":"https:\/\/denjustpeace.org\/es\/wp-json\/wp\/v2\/pages\/698\/revisions\/8225"}],"up":[{"embeddable":true,"href":"https:\/\/denjustpeace.org\/es\/wp-json\/wp\/v2\/pages\/2"}],"wp:featuredmedia":[{"embeddable":true,"href":"https:\/\/denjustpeace.org\/es\/wp-json\/wp\/v2\/media\/3740"}],"wp:attachment":[{"href":"https:\/\/denjustpeace.org\/es\/wp-json\/wp\/v2\/media?parent=698"}],"curies":[{"name":"wp","href":"https:\/\/api.w.org\/{rel}","templated":true}]}}