{"id":593,"date":"2009-06-04T14:16:59","date_gmt":"2009-06-04T20:16:59","guid":{"rendered":"http:\/\/denjustpeace.org\/wordpress\/?page_id=593"},"modified":"2019-03-13T19:09:48","modified_gmt":"2019-03-14T01:09:48","slug":"contact-us","status":"publish","type":"page","link":"https:\/\/denjustpeace.org\/es\/about\/contact-us\/","title":{"rendered":"Cont\u00e1ctenos"},"content":{"rendered":"<p>Localizado en:<br \/>\nIglesia Metodista de Highlands United<br \/>\n3131 Osceola St. Denver, CO 80212<\/p>\n<p>Direcci\u00f3n de env\u00edo:<br \/>\nP.O. Box 12403 Denver, CO 80212<\/p>\n<p>Tel\u00e9fono: (303) 623-1463<\/p>\n<p>Para hacer una donaci\u00f3n, oprima aqu\u00ed.<br \/>\ndjpc@denjustpeace.org<\/p>","protected":false},"excerpt":{"rendered":"<p>Localizado en: Iglesia Metodista de Highlands United 3131 Osceola St. Denver, CO 80212 Direcci\u00f3n de env\u00edo: P.O. Box 12403 Denver, CO 80212 Tel\u00e9fono: (303) 623-1463 Para hacer una donaci\u00f3n, oprima aqu\u00ed. djpc@denjustpeace.org<\/p>\n","protected":false},"author":5,"featured_media":2245,"parent":2,"menu_order":3,"comment_status":"open","ping_status":"open","template":"","meta":{"footnotes":"","_links_to":"","_links_to_target":""},"yoast_head":"<!-- This site is optimized with the Yoast SEO plugin v23.5 - https:\/\/yoast.com\/wordpress\/plugins\/seo\/ -->\n<title>Cont\u00e1ctenos - Denver Justice &amp; Peace Committee<\/title>\n<meta name=\"robots\" content=\"index, follow, max-snippet:-1, max-image-preview:large, max-video-preview:-1\" \/>\n<link rel=\"canonical\" href=\"https:\/\/denjustpeace.org\/es\/about\/contact-us\/\" \/>\n<meta property=\"og:locale\" content=\"es_ES\" \/>\n<meta property=\"og:type\" content=\"article\" \/>\n<meta property=\"og:title\" content=\"Cont\u00e1ctenos - Denver Justice &amp; Peace Committee\" \/>\n<meta property=\"og:description\" content=\"Localizado en: Iglesia Metodista de Highlands United 3131 Osceola St. Denver, CO 80212 Direcci\u00f3n de env\u00edo: P.O. Box 12403 Denver, CO 80212 Tel\u00e9fono: (303) 623-1463 Para hacer una donaci\u00f3n, oprima aqu\u00ed. djpc@denjustpeace.org\" \/>\n<meta property=\"og:url\" content=\"https:\/\/denjustpeace.org\/es\/about\/contact-us\/\" \/>\n<meta property=\"og:site_name\" content=\"Denver Justice &amp; Peace Committee\" \/>\n<meta property=\"article:publisher\" content=\"https:\/\/www.facebook.com\/DenverJusticeandPeaceCommittee\/\" \/>\n<meta property=\"article:modified_time\" content=\"2019-03-14T01:09:48+00:00\" \/>\n<meta property=\"og:image\" content=\"https:\/\/denjustpeace.org\/wordpress\/wp-content\/uploads\/map-of-new-office.gif\" \/>\n\t<meta property=\"og:image:width\" content=\"270\" \/>\n\t<meta property=\"og:image:height\" content=\"185\" \/>\n\t<meta property=\"og:image:type\" content=\"image\/gif\" \/>\n<meta name=\"twitter:card\" content=\"summary_large_image\" \/>\n<meta name=\"twitter:site\" content=\"@denjustpeace\" \/>\n<script type=\"application\/ld+json\" class=\"yoast-schema-graph\">{\"@context\":\"https:\/\/schema.org\",\"@graph\":[{\"@type\":\"WebPage\",\"@id\":\"https:\/\/denjustpeace.org\/es\/about\/contact-us\/\",\"url\":\"https:\/\/denjustpeace.org\/es\/about\/contact-us\/\",\"name\":\"Cont\u00e1ctenos - Denver Justice &amp; Peace Committee\",\"isPartOf\":{\"@id\":\"https:\/\/denjustpeace.org\/es\/#website\"},\"primaryImageOfPage\":{\"@id\":\"https:\/\/denjustpeace.org\/es\/about\/contact-us\/#primaryimage\"},\"image\":{\"@id\":\"https:\/\/denjustpeace.org\/es\/about\/contact-us\/#primaryimage\"},\"thumbnailUrl\":\"https:\/\/denjustpeace.org\/wordpress\/wp-content\/uploads\/map-of-new-office.gif\",\"datePublished\":\"2009-06-04T20:16:59+00:00\",\"dateModified\":\"2019-03-14T01:09:48+00:00\",\"breadcrumb\":{\"@id\":\"https:\/\/denjustpeace.org\/es\/about\/contact-us\/#breadcrumb\"},\"inLanguage\":\"es\",\"potentialAction\":[{\"@type\":\"ReadAction\",\"target\":[\"https:\/\/denjustpeace.org\/es\/about\/contact-us\/\"]}]},{\"@type\":\"ImageObject\",\"inLanguage\":\"es\",\"@id\":\"https:\/\/denjustpeace.org\/es\/about\/contact-us\/#primaryimage\",\"url\":\"https:\/\/denjustpeace.org\/wordpress\/wp-content\/uploads\/map-of-new-office.gif\",\"contentUrl\":\"https:\/\/denjustpeace.org\/wordpress\/wp-content\/uploads\/map-of-new-office.gif\",\"width\":\"270\",\"height\":\"185\"},{\"@type\":\"BreadcrumbList\",\"@id\":\"https:\/\/denjustpeace.org\/es\/about\/contact-us\/#breadcrumb\",\"itemListElement\":[{\"@type\":\"ListItem\",\"position\":1,\"name\":\"Home\",\"item\":\"https:\/\/denjustpeace.org\/es\/\"},{\"@type\":\"ListItem\",\"position\":2,\"name\":\"Qui\u00e9nes Somos\",\"item\":\"https:\/\/denjustpeace.org\/es\/about\/\"},{\"@type\":\"ListItem\",\"position\":3,\"name\":\"Cont\u00e1ctenos\"}]},{\"@type\":\"WebSite\",\"@id\":\"https:\/\/denjustpeace.org\/es\/#website\",\"url\":\"https:\/\/denjustpeace.org\/es\/\",\"name\":\"Denver Justice &amp; Peace Committee\",\"description\":\"\",\"publisher\":{\"@id\":\"https:\/\/denjustpeace.org\/es\/#organization\"},\"potentialAction\":[{\"@type\":\"SearchAction\",\"target\":{\"@type\":\"EntryPoint\",\"urlTemplate\":\"https:\/\/denjustpeace.org\/es\/?s={search_term_string}\"},\"query-input\":{\"@type\":\"PropertyValueSpecification\",\"valueRequired\":true,\"valueName\":\"search_term_string\"}}],\"inLanguage\":\"es\"},{\"@type\":\"Organization\",\"@id\":\"https:\/\/denjustpeace.org\/es\/#organization\",\"name\":\"Denver Justice & Peace Committee\",\"url\":\"https:\/\/denjustpeace.org\/es\/\",\"logo\":{\"@type\":\"ImageObject\",\"inLanguage\":\"es\",\"@id\":\"https:\/\/denjustpeace.org\/es\/#\/schema\/logo\/image\/\",\"url\":\"http:\/\/denjustpeace.org\/wordpress\/wp-content\/uploads\/djpclogo.jpg\",\"contentUrl\":\"http:\/\/denjustpeace.org\/wordpress\/wp-content\/uploads\/djpclogo.jpg\",\"width\":260,\"height\":260,\"caption\":\"Denver Justice & Peace Committee\"},\"image\":{\"@id\":\"https:\/\/denjustpeace.org\/es\/#\/schema\/logo\/image\/\"},\"sameAs\":[\"https:\/\/www.facebook.com\/DenverJusticeandPeaceCommittee\/\",\"https:\/\/x.com\/denjustpeace\"]}]}<\/script>\n<!-- \/ Yoast SEO plugin. -->","yoast_head_json":{"title":"Cont\u00e1ctenos - Denver Justice &amp; Peace Committee","robots":{"index":"index","follow":"follow","max-snippet":"max-snippet:-1","max-image-preview":"max-image-preview:large","max-video-preview":"max-video-preview:-1"},"canonical":"https:\/\/denjustpeace.org\/es\/about\/contact-us\/","og_locale":"es_ES","og_type":"article","og_title":"Cont\u00e1ctenos - Denver Justice &amp; Peace Committee","og_description":"Localizado en: Iglesia Metodista de Highlands United 3131 Osceola St. Denver, CO 80212 Direcci\u00f3n de env\u00edo: P.O. Box 12403 Denver, CO 80212 Tel\u00e9fono: (303) 623-1463 Para hacer una donaci\u00f3n, oprima aqu\u00ed. djpc@denjustpeace.org","og_url":"https:\/\/denjustpeace.org\/es\/about\/contact-us\/","og_site_name":"Denver Justice &amp; Peace Committee","article_publisher":"https:\/\/www.facebook.com\/DenverJusticeandPeaceCommittee\/","article_modified_time":"2019-03-14T01:09:48+00:00","og_image":[{"width":270,"height":185,"url":"https:\/\/denjustpeace.org\/wordpress\/wp-content\/uploads\/map-of-new-office.gif","type":"image\/gif"}],"twitter_card":"summary_large_image","twitter_site":"@denjustpeace","schema":{"@context":"https:\/\/schema.org","@graph":[{"@type":"WebPage","@id":"https:\/\/denjustpeace.org\/es\/about\/contact-us\/","url":"https:\/\/denjustpeace.org\/es\/about\/contact-us\/","name":"Cont\u00e1ctenos - Denver Justice &amp; Peace Committee","isPartOf":{"@id":"https:\/\/denjustpeace.org\/es\/#website"},"primaryImageOfPage":{"@id":"https:\/\/denjustpeace.org\/es\/about\/contact-us\/#primaryimage"},"image":{"@id":"https:\/\/denjustpeace.org\/es\/about\/contact-us\/#primaryimage"},"thumbnailUrl":"https:\/\/denjustpeace.org\/wordpress\/wp-content\/uploads\/map-of-new-office.gif","datePublished":"2009-06-04T20:16:59+00:00","dateModified":"2019-03-14T01:09:48+00:00","breadcrumb":{"@id":"https:\/\/denjustpeace.org\/es\/about\/contact-us\/#breadcrumb"},"inLanguage":"es","potentialAction":[{"@type":"ReadAction","target":["https:\/\/denjustpeace.org\/es\/about\/contact-us\/"]}]},{"@type":"ImageObject","inLanguage":"es","@id":"https:\/\/denjustpeace.org\/es\/about\/contact-us\/#primaryimage","url":"https:\/\/denjustpeace.org\/wordpress\/wp-content\/uploads\/map-of-new-office.gif","contentUrl":"https:\/\/denjustpeace.org\/wordpress\/wp-content\/uploads\/map-of-new-office.gif","width":"270","height":"185"},{"@type":"BreadcrumbList","@id":"https:\/\/denjustpeace.org\/es\/about\/contact-us\/#breadcrumb","itemListElement":[{"@type":"ListItem","position":1,"name":"Home","item":"https:\/\/denjustpeace.org\/es\/"},{"@type":"ListItem","position":2,"name":"Qui\u00e9nes Somos","item":"https:\/\/denjustpeace.org\/es\/about\/"},{"@type":"ListItem","position":3,"name":"Cont\u00e1ctenos"}]},{"@type":"WebSite","@id":"https:\/\/denjustpeace.org\/es\/#website","url":"https:\/\/denjustpeace.org\/es\/","name":"Denver Justice &amp; Peace Committee","description":"","publisher":{"@id":"https:\/\/denjustpeace.org\/es\/#organization"},"potentialAction":[{"@type":"SearchAction","target":{"@type":"EntryPoint","urlTemplate":"https:\/\/denjustpeace.org\/es\/?s={search_term_string}"},"query-input":{"@type":"PropertyValueSpecification","valueRequired":true,"valueName":"search_term_string"}}],"inLanguage":"es"},{"@type":"Organization","@id":"https:\/\/denjustpeace.org\/es\/#organization","name":"Denver Justice & Peace Committee","url":"https:\/\/denjustpeace.org\/es\/","logo":{"@type":"ImageObject","inLanguage":"es","@id":"https:\/\/denjustpeace.org\/es\/#\/schema\/logo\/image\/","url":"http:\/\/denjustpeace.org\/wordpress\/wp-content\/uploads\/djpclogo.jpg","contentUrl":"http:\/\/denjustpeace.org\/wordpress\/wp-content\/uploads\/djpclogo.jpg","width":260,"height":260,"caption":"Denver Justice & Peace Committee"},"image":{"@id":"https:\/\/denjustpeace.org\/es\/#\/schema\/logo\/image\/"},"sameAs":["https:\/\/www.facebook.com\/DenverJusticeandPeaceCommittee\/","https:\/\/x.com\/denjustpeace"]}]}},"_links":{"self":[{"href":"https:\/\/denjustpeace.org\/es\/wp-json\/wp\/v2\/pages\/593"}],"collection":[{"href":"https:\/\/denjustpeace.org\/es\/wp-json\/wp\/v2\/pages"}],"about":[{"href":"https:\/\/denjustpeace.org\/es\/wp-json\/wp\/v2\/types\/page"}],"author":[{"embeddable":true,"href":"https:\/\/denjustpeace.org\/es\/wp-json\/wp\/v2\/users\/5"}],"replies":[{"embeddable":true,"href":"https:\/\/denjustpeace.org\/es\/wp-json\/wp\/v2\/comments?post=593"}],"version-history":[{"count":19,"href":"https:\/\/denjustpeace.org\/es\/wp-json\/wp\/v2\/pages\/593\/revisions"}],"predecessor-version":[{"id":8221,"href":"https:\/\/denjustpeace.org\/es\/wp-json\/wp\/v2\/pages\/593\/revisions\/8221"}],"up":[{"embeddable":true,"href":"https:\/\/denjustpeace.org\/es\/wp-json\/wp\/v2\/pages\/2"}],"wp:featuredmedia":[{"embeddable":true,"href":"https:\/\/denjustpeace.org\/es\/wp-json\/wp\/v2\/media\/2245"}],"wp:attachment":[{"href":"https:\/\/denjustpeace.org\/es\/wp-json\/wp\/v2\/media?parent=593"}],"curies":[{"name":"wp","href":"https:\/\/api.w.org\/{rel}","templated":true}]}}