{"id":5790,"date":"2009-06-01T20:25:17","date_gmt":"2009-06-02T02:25:17","guid":{"rendered":"http:\/\/denjustpeace.org\/wordpress\/?page_id=480"},"modified":"2022-09-06T15:41:01","modified_gmt":"2022-09-06T21:41:01","slug":"boardboard","status":"publish","type":"page","link":"https:\/\/denjustpeace.org\/es\/about-2\/boardboard\/","title":{"rendered":"Board and Staff"},"content":{"rendered":"<p class=\"qtranxs-available-languages-message qtranxs-available-languages-message-es\">Disculpa, pero esta entrada est\u00e1 disponible s\u00f3lo en <a href=\"https:\/\/denjustpeace.org\/en\/wp-json\/wp\/v2\/pages\/5790\" class=\"qtranxs-available-language-link qtranxs-available-language-link-en\" title=\"English\">Ingl\u00e9s Estadounidense<\/a>.<\/p>","protected":false},"excerpt":{"rendered":"<p>Disculpa, pero esta entrada est\u00e1 disponible s\u00f3lo en Ingl\u00e9s Estadounidense.<\/p>\n","protected":false},"author":37,"featured_media":4888,"parent":5766,"menu_order":2,"comment_status":"closed","ping_status":"closed","template":"","meta":{"footnotes":"","_links_to":"","_links_to_target":""},"yoast_head":"<!-- This site is optimized with the Yoast SEO plugin v23.5 - https:\/\/yoast.com\/wordpress\/plugins\/seo\/ -->\n<title>Board and Staff - Denver Justice &amp; Peace Committee<\/title>\n<meta name=\"robots\" content=\"index, follow, max-snippet:-1, max-image-preview:large, max-video-preview:-1\" \/>\n<link rel=\"canonical\" href=\"https:\/\/denjustpeace.org\/es\/about-2\/boardboard\/\" \/>\n<meta property=\"og:locale\" content=\"es_ES\" \/>\n<meta property=\"og:type\" content=\"article\" \/>\n<meta property=\"og:title\" content=\"Board and Staff - Denver Justice &amp; Peace Committee\" \/>\n<meta property=\"og:description\" content=\"Disculpa, pero esta entrada est\u00e1 disponible s\u00f3lo en Ingl\u00e9s Estadounidense.\" \/>\n<meta property=\"og:url\" content=\"https:\/\/denjustpeace.org\/es\/about-2\/boardboard\/\" \/>\n<meta property=\"og:site_name\" content=\"Denver Justice &amp; Peace Committee\" \/>\n<meta property=\"article:publisher\" content=\"https:\/\/www.facebook.com\/DenverJusticeandPeaceCommittee\/\" \/>\n<meta property=\"article:modified_time\" content=\"2022-09-06T21:41:01+00:00\" \/>\n<meta property=\"og:image\" content=\"https:\/\/denjustpeace.org\/wordpress\/wp-content\/uploads\/20150622_070435.jpg\" \/>\n\t<meta property=\"og:image:width\" content=\"2048\" \/>\n\t<meta property=\"og:image:height\" content=\"1152\" \/>\n\t<meta property=\"og:image:type\" content=\"image\/jpeg\" \/>\n<meta name=\"twitter:card\" content=\"summary_large_image\" \/>\n<meta name=\"twitter:site\" content=\"@denjustpeace\" \/>\n<meta name=\"twitter:label1\" content=\"Tiempo de lectura\" \/>\n\t<meta name=\"twitter:data1\" content=\"8 minutos\" \/>\n<script type=\"application\/ld+json\" class=\"yoast-schema-graph\">{\"@context\":\"https:\/\/schema.org\",\"@graph\":[{\"@type\":\"WebPage\",\"@id\":\"https:\/\/denjustpeace.org\/es\/about-2\/boardboard\/\",\"url\":\"https:\/\/denjustpeace.org\/es\/about-2\/boardboard\/\",\"name\":\"Board and Staff - Denver Justice &amp; Peace Committee\",\"isPartOf\":{\"@id\":\"https:\/\/denjustpeace.org\/es\/#website\"},\"primaryImageOfPage\":{\"@id\":\"https:\/\/denjustpeace.org\/es\/about-2\/boardboard\/#primaryimage\"},\"image\":{\"@id\":\"https:\/\/denjustpeace.org\/es\/about-2\/boardboard\/#primaryimage\"},\"thumbnailUrl\":\"https:\/\/denjustpeace.org\/wordpress\/wp-content\/uploads\/20150622_070435.jpg\",\"datePublished\":\"2009-06-02T02:25:17+00:00\",\"dateModified\":\"2022-09-06T21:41:01+00:00\",\"breadcrumb\":{\"@id\":\"https:\/\/denjustpeace.org\/es\/about-2\/boardboard\/#breadcrumb\"},\"inLanguage\":\"es\",\"potentialAction\":[{\"@type\":\"ReadAction\",\"target\":[\"https:\/\/denjustpeace.org\/es\/about-2\/boardboard\/\"]}]},{\"@type\":\"ImageObject\",\"inLanguage\":\"es\",\"@id\":\"https:\/\/denjustpeace.org\/es\/about-2\/boardboard\/#primaryimage\",\"url\":\"https:\/\/denjustpeace.org\/wordpress\/wp-content\/uploads\/20150622_070435.jpg\",\"contentUrl\":\"https:\/\/denjustpeace.org\/wordpress\/wp-content\/uploads\/20150622_070435.jpg\",\"width\":2048,\"height\":1152},{\"@type\":\"BreadcrumbList\",\"@id\":\"https:\/\/denjustpeace.org\/es\/about-2\/boardboard\/#breadcrumb\",\"itemListElement\":[{\"@type\":\"ListItem\",\"position\":1,\"name\":\"Home\",\"item\":\"https:\/\/denjustpeace.org\/es\/\"},{\"@type\":\"ListItem\",\"position\":2,\"name\":\"Who we are\",\"item\":\"https:\/\/denjustpeace.org\/es\/about-2\/\"},{\"@type\":\"ListItem\",\"position\":3,\"name\":\"Board and Staff\"}]},{\"@type\":\"WebSite\",\"@id\":\"https:\/\/denjustpeace.org\/es\/#website\",\"url\":\"https:\/\/denjustpeace.org\/es\/\",\"name\":\"Denver Justice &amp; Peace Committee\",\"description\":\"\",\"publisher\":{\"@id\":\"https:\/\/denjustpeace.org\/es\/#organization\"},\"potentialAction\":[{\"@type\":\"SearchAction\",\"target\":{\"@type\":\"EntryPoint\",\"urlTemplate\":\"https:\/\/denjustpeace.org\/es\/?s={search_term_string}\"},\"query-input\":{\"@type\":\"PropertyValueSpecification\",\"valueRequired\":true,\"valueName\":\"search_term_string\"}}],\"inLanguage\":\"es\"},{\"@type\":\"Organization\",\"@id\":\"https:\/\/denjustpeace.org\/es\/#organization\",\"name\":\"Denver Justice & Peace Committee\",\"url\":\"https:\/\/denjustpeace.org\/es\/\",\"logo\":{\"@type\":\"ImageObject\",\"inLanguage\":\"es\",\"@id\":\"https:\/\/denjustpeace.org\/es\/#\/schema\/logo\/image\/\",\"url\":\"http:\/\/denjustpeace.org\/wordpress\/wp-content\/uploads\/djpclogo.jpg\",\"contentUrl\":\"http:\/\/denjustpeace.org\/wordpress\/wp-content\/uploads\/djpclogo.jpg\",\"width\":260,\"height\":260,\"caption\":\"Denver Justice & Peace Committee\"},\"image\":{\"@id\":\"https:\/\/denjustpeace.org\/es\/#\/schema\/logo\/image\/\"},\"sameAs\":[\"https:\/\/www.facebook.com\/DenverJusticeandPeaceCommittee\/\",\"https:\/\/x.com\/denjustpeace\"]}]}<\/script>\n<!-- \/ Yoast SEO plugin. -->","yoast_head_json":{"title":"Board and Staff - Denver Justice &amp; Peace Committee","robots":{"index":"index","follow":"follow","max-snippet":"max-snippet:-1","max-image-preview":"max-image-preview:large","max-video-preview":"max-video-preview:-1"},"canonical":"https:\/\/denjustpeace.org\/es\/about-2\/boardboard\/","og_locale":"es_ES","og_type":"article","og_title":"Board and Staff - Denver Justice &amp; Peace Committee","og_description":"Disculpa, pero esta entrada est\u00e1 disponible s\u00f3lo en Ingl\u00e9s Estadounidense.","og_url":"https:\/\/denjustpeace.org\/es\/about-2\/boardboard\/","og_site_name":"Denver Justice &amp; Peace Committee","article_publisher":"https:\/\/www.facebook.com\/DenverJusticeandPeaceCommittee\/","article_modified_time":"2022-09-06T21:41:01+00:00","og_image":[{"width":2048,"height":1152,"url":"https:\/\/denjustpeace.org\/wordpress\/wp-content\/uploads\/20150622_070435.jpg","type":"image\/jpeg"}],"twitter_card":"summary_large_image","twitter_site":"@denjustpeace","twitter_misc":{"Tiempo de lectura":"8 minutos"},"schema":{"@context":"https:\/\/schema.org","@graph":[{"@type":"WebPage","@id":"https:\/\/denjustpeace.org\/es\/about-2\/boardboard\/","url":"https:\/\/denjustpeace.org\/es\/about-2\/boardboard\/","name":"Board and Staff - Denver Justice &amp; Peace Committee","isPartOf":{"@id":"https:\/\/denjustpeace.org\/es\/#website"},"primaryImageOfPage":{"@id":"https:\/\/denjustpeace.org\/es\/about-2\/boardboard\/#primaryimage"},"image":{"@id":"https:\/\/denjustpeace.org\/es\/about-2\/boardboard\/#primaryimage"},"thumbnailUrl":"https:\/\/denjustpeace.org\/wordpress\/wp-content\/uploads\/20150622_070435.jpg","datePublished":"2009-06-02T02:25:17+00:00","dateModified":"2022-09-06T21:41:01+00:00","breadcrumb":{"@id":"https:\/\/denjustpeace.org\/es\/about-2\/boardboard\/#breadcrumb"},"inLanguage":"es","potentialAction":[{"@type":"ReadAction","target":["https:\/\/denjustpeace.org\/es\/about-2\/boardboard\/"]}]},{"@type":"ImageObject","inLanguage":"es","@id":"https:\/\/denjustpeace.org\/es\/about-2\/boardboard\/#primaryimage","url":"https:\/\/denjustpeace.org\/wordpress\/wp-content\/uploads\/20150622_070435.jpg","contentUrl":"https:\/\/denjustpeace.org\/wordpress\/wp-content\/uploads\/20150622_070435.jpg","width":2048,"height":1152},{"@type":"BreadcrumbList","@id":"https:\/\/denjustpeace.org\/es\/about-2\/boardboard\/#breadcrumb","itemListElement":[{"@type":"ListItem","position":1,"name":"Home","item":"https:\/\/denjustpeace.org\/es\/"},{"@type":"ListItem","position":2,"name":"Who we are","item":"https:\/\/denjustpeace.org\/es\/about-2\/"},{"@type":"ListItem","position":3,"name":"Board and Staff"}]},{"@type":"WebSite","@id":"https:\/\/denjustpeace.org\/es\/#website","url":"https:\/\/denjustpeace.org\/es\/","name":"Denver Justice &amp; Peace Committee","description":"","publisher":{"@id":"https:\/\/denjustpeace.org\/es\/#organization"},"potentialAction":[{"@type":"SearchAction","target":{"@type":"EntryPoint","urlTemplate":"https:\/\/denjustpeace.org\/es\/?s={search_term_string}"},"query-input":{"@type":"PropertyValueSpecification","valueRequired":true,"valueName":"search_term_string"}}],"inLanguage":"es"},{"@type":"Organization","@id":"https:\/\/denjustpeace.org\/es\/#organization","name":"Denver Justice & Peace Committee","url":"https:\/\/denjustpeace.org\/es\/","logo":{"@type":"ImageObject","inLanguage":"es","@id":"https:\/\/denjustpeace.org\/es\/#\/schema\/logo\/image\/","url":"http:\/\/denjustpeace.org\/wordpress\/wp-content\/uploads\/djpclogo.jpg","contentUrl":"http:\/\/denjustpeace.org\/wordpress\/wp-content\/uploads\/djpclogo.jpg","width":260,"height":260,"caption":"Denver Justice & Peace Committee"},"image":{"@id":"https:\/\/denjustpeace.org\/es\/#\/schema\/logo\/image\/"},"sameAs":["https:\/\/www.facebook.com\/DenverJusticeandPeaceCommittee\/","https:\/\/x.com\/denjustpeace"]}]}},"_links":{"self":[{"href":"https:\/\/denjustpeace.org\/es\/wp-json\/wp\/v2\/pages\/5790"}],"collection":[{"href":"https:\/\/denjustpeace.org\/es\/wp-json\/wp\/v2\/pages"}],"about":[{"href":"https:\/\/denjustpeace.org\/es\/wp-json\/wp\/v2\/types\/page"}],"author":[{"embeddable":true,"href":"https:\/\/denjustpeace.org\/es\/wp-json\/wp\/v2\/users\/37"}],"replies":[{"embeddable":true,"href":"https:\/\/denjustpeace.org\/es\/wp-json\/wp\/v2\/comments?post=5790"}],"version-history":[{"count":8,"href":"https:\/\/denjustpeace.org\/es\/wp-json\/wp\/v2\/pages\/5790\/revisions"}],"predecessor-version":[{"id":9176,"href":"https:\/\/denjustpeace.org\/es\/wp-json\/wp\/v2\/pages\/5790\/revisions\/9176"}],"up":[{"embeddable":true,"href":"https:\/\/denjustpeace.org\/es\/wp-json\/wp\/v2\/pages\/5766"}],"wp:featuredmedia":[{"embeddable":true,"href":"https:\/\/denjustpeace.org\/es\/wp-json\/wp\/v2\/media\/4888"}],"wp:attachment":[{"href":"https:\/\/denjustpeace.org\/es\/wp-json\/wp\/v2\/media?parent=5790"}],"curies":[{"name":"wp","href":"https:\/\/api.w.org\/{rel}","templated":true}]}}