{"id":4979,"date":"2015-09-23T20:28:38","date_gmt":"2015-09-24T02:28:38","guid":{"rendered":"http:\/\/denjustpeace.org\/?page_id=4979"},"modified":"2024-04-03T18:17:25","modified_gmt":"2024-04-04T00:17:25","slug":"home","status":"publish","type":"page","link":"https:\/\/denjustpeace.org\/es\/","title":{"rendered":"Inicio"},"content":{"rendered":"<p>El Comit\u00e9 de Justicia y Paz de Denver (DJPC por sus siglas en ingl\u00e9s) es una organizaci\u00f3n de base que promueve los derechos humanos y la justicia econ\u00f3mica y ambiental a trav\u00e9s de la educaci\u00f3n y el activismo no violento para apoyar a las comunidades que buscan justicia para todas las personas. Nos solidarizamos con los pueblos de las Am\u00e9ricas, particularmente con las comunidades oprimidas de Am\u00e9rica Latina.El Comit\u00e9 de Justicia y Paz de Denver (DJPC por sus siglas en ingl\u00e9s) es una organizaci\u00f3n de base que promueve los derechos humanos y la justicia econ\u00f3mica y ambiental a trav\u00e9s de la educaci\u00f3n y el activismo no violento para apoyar a las comunidades que buscan justicia para todas las personas. Nos solidarizamos con los pueblos de las Am\u00e9ricas, particularmente con las comunidades oprimidas de Am\u00e9rica Latina.<\/p>","protected":false},"excerpt":{"rendered":"<p>El Comit\u00e9 de Justicia y Paz de Denver (DJPC por sus siglas en ingl\u00e9s) es una organizaci\u00f3n de base que promueve los derechos humanos y la justicia econ\u00f3mica y ambiental a trav\u00e9s de la educaci\u00f3n y el activismo no violento para apoyar a las comunidades que buscan justicia para todas las personas. Nos solidarizamos con &hellip; <a href=\"https:\/\/denjustpeace.org\/es\/\" class=\"more-link\">Continue reading <span class=\"screen-reader-text\">Inicio<\/span><\/a><\/p>\n","protected":false},"author":6,"featured_media":0,"parent":0,"menu_order":0,"comment_status":"closed","ping_status":"closed","template":"page-templates\/front-page.php","meta":{"footnotes":"","_links_to":"","_links_to_target":""},"yoast_head":"<!-- This site is optimized with the Yoast SEO plugin v23.5 - https:\/\/yoast.com\/wordpress\/plugins\/seo\/ -->\n<title>Inicio - Denver Justice &amp; Peace Committee<\/title>\n<meta name=\"description\" content=\"(English) The Denver Justice and Peace Committee (DJPC) is a grassroots organization, which promotes human rights, economic, and environmental justice through education and nonviolent activism to support communities seeking justice for all people.\" \/>\n<meta name=\"robots\" content=\"index, follow, max-snippet:-1, max-image-preview:large, max-video-preview:-1\" \/>\n<link rel=\"canonical\" href=\"https:\/\/denjustpeace.org\/es\/\" \/>\n<meta property=\"og:locale\" content=\"es_ES\" \/>\n<meta property=\"og:type\" content=\"article\" \/>\n<meta property=\"og:title\" content=\"Inicio - Denver Justice &amp; Peace Committee\" \/>\n<meta property=\"og:description\" content=\"(English) The Denver Justice and Peace Committee (DJPC) is a grassroots organization, which promotes human rights, economic, and environmental justice through education and nonviolent activism to support communities seeking justice for all people.\" \/>\n<meta property=\"og:url\" content=\"https:\/\/denjustpeace.org\/es\/\" \/>\n<meta property=\"og:site_name\" content=\"Denver Justice &amp; Peace Committee\" \/>\n<meta property=\"article:publisher\" content=\"https:\/\/www.facebook.com\/DenverJusticeandPeaceCommittee\/\" \/>\n<meta property=\"article:modified_time\" content=\"2024-04-04T00:17:25+00:00\" \/>\n<meta property=\"og:image\" content=\"https:\/\/denjustpeace.org\/wordpress\/wp-content\/uploads\/djpclogo.jpg\" \/>\n\t<meta property=\"og:image:width\" content=\"260\" \/>\n\t<meta property=\"og:image:height\" content=\"260\" \/>\n\t<meta property=\"og:image:type\" content=\"image\/jpeg\" \/>\n<meta name=\"twitter:card\" content=\"summary_large_image\" \/>\n<meta name=\"twitter:site\" content=\"@denjustpeace\" \/>\n<meta name=\"twitter:label1\" content=\"Tiempo de lectura\" \/>\n\t<meta name=\"twitter:data1\" content=\"1 minuto\" \/>\n<script type=\"application\/ld+json\" class=\"yoast-schema-graph\">{\"@context\":\"https:\/\/schema.org\",\"@graph\":[{\"@type\":\"WebPage\",\"@id\":\"https:\/\/denjustpeace.org\/es\/\",\"url\":\"https:\/\/denjustpeace.org\/es\/\",\"name\":\"Inicio - Denver Justice &amp; Peace Committee\",\"isPartOf\":{\"@id\":\"https:\/\/denjustpeace.org\/es\/#website\"},\"datePublished\":\"2015-09-24T02:28:38+00:00\",\"dateModified\":\"2024-04-04T00:17:25+00:00\",\"description\":\"(English) The Denver Justice and Peace Committee (DJPC) is a grassroots organization, which promotes human rights, economic, and environmental justice through education and nonviolent activism to support communities seeking justice for all people.\",\"breadcrumb\":{\"@id\":\"https:\/\/denjustpeace.org\/es\/#breadcrumb\"},\"inLanguage\":\"es\",\"potentialAction\":[{\"@type\":\"ReadAction\",\"target\":[\"https:\/\/denjustpeace.org\/es\/\"]}]},{\"@type\":\"BreadcrumbList\",\"@id\":\"https:\/\/denjustpeace.org\/es\/#breadcrumb\",\"itemListElement\":[{\"@type\":\"ListItem\",\"position\":1,\"name\":\"Home\",\"item\":\"https:\/\/denjustpeace.org\/es\/\"},{\"@type\":\"ListItem\",\"position\":2,\"name\":\"Inicio\"}]},{\"@type\":\"WebSite\",\"@id\":\"https:\/\/denjustpeace.org\/es\/#website\",\"url\":\"https:\/\/denjustpeace.org\/es\/\",\"name\":\"Denver Justice &amp; Peace Committee\",\"description\":\"\",\"publisher\":{\"@id\":\"https:\/\/denjustpeace.org\/es\/#organization\"},\"potentialAction\":[{\"@type\":\"SearchAction\",\"target\":{\"@type\":\"EntryPoint\",\"urlTemplate\":\"https:\/\/denjustpeace.org\/es\/?s={search_term_string}\"},\"query-input\":{\"@type\":\"PropertyValueSpecification\",\"valueRequired\":true,\"valueName\":\"search_term_string\"}}],\"inLanguage\":\"es\"},{\"@type\":\"Organization\",\"@id\":\"https:\/\/denjustpeace.org\/es\/#organization\",\"name\":\"Denver Justice & Peace Committee\",\"url\":\"https:\/\/denjustpeace.org\/es\/\",\"logo\":{\"@type\":\"ImageObject\",\"inLanguage\":\"es\",\"@id\":\"https:\/\/denjustpeace.org\/es\/#\/schema\/logo\/image\/\",\"url\":\"http:\/\/denjustpeace.org\/wordpress\/wp-content\/uploads\/djpclogo.jpg\",\"contentUrl\":\"http:\/\/denjustpeace.org\/wordpress\/wp-content\/uploads\/djpclogo.jpg\",\"width\":260,\"height\":260,\"caption\":\"Denver Justice & Peace Committee\"},\"image\":{\"@id\":\"https:\/\/denjustpeace.org\/es\/#\/schema\/logo\/image\/\"},\"sameAs\":[\"https:\/\/www.facebook.com\/DenverJusticeandPeaceCommittee\/\",\"https:\/\/x.com\/denjustpeace\"]}]}<\/script>\n<!-- \/ Yoast SEO plugin. -->","yoast_head_json":{"title":"Inicio - Denver Justice &amp; Peace Committee","description":"(English) The Denver Justice and Peace Committee (DJPC) is a grassroots organization, which promotes human rights, economic, and environmental justice through education and nonviolent activism to support communities seeking justice for all people.","robots":{"index":"index","follow":"follow","max-snippet":"max-snippet:-1","max-image-preview":"max-image-preview:large","max-video-preview":"max-video-preview:-1"},"canonical":"https:\/\/denjustpeace.org\/es\/","og_locale":"es_ES","og_type":"article","og_title":"Inicio - Denver Justice &amp; Peace Committee","og_description":"(English) The Denver Justice and Peace Committee (DJPC) is a grassroots organization, which promotes human rights, economic, and environmental justice through education and nonviolent activism to support communities seeking justice for all people.","og_url":"https:\/\/denjustpeace.org\/es\/","og_site_name":"Denver Justice &amp; Peace Committee","article_publisher":"https:\/\/www.facebook.com\/DenverJusticeandPeaceCommittee\/","article_modified_time":"2024-04-04T00:17:25+00:00","og_image":[{"width":260,"height":260,"url":"https:\/\/denjustpeace.org\/wordpress\/wp-content\/uploads\/djpclogo.jpg","type":"image\/jpeg"}],"twitter_card":"summary_large_image","twitter_site":"@denjustpeace","twitter_misc":{"Tiempo de lectura":"1 minuto"},"schema":{"@context":"https:\/\/schema.org","@graph":[{"@type":"WebPage","@id":"https:\/\/denjustpeace.org\/es\/","url":"https:\/\/denjustpeace.org\/es\/","name":"Inicio - Denver Justice &amp; Peace Committee","isPartOf":{"@id":"https:\/\/denjustpeace.org\/es\/#website"},"datePublished":"2015-09-24T02:28:38+00:00","dateModified":"2024-04-04T00:17:25+00:00","description":"(English) The Denver Justice and Peace Committee (DJPC) is a grassroots organization, which promotes human rights, economic, and environmental justice through education and nonviolent activism to support communities seeking justice for all people.","breadcrumb":{"@id":"https:\/\/denjustpeace.org\/es\/#breadcrumb"},"inLanguage":"es","potentialAction":[{"@type":"ReadAction","target":["https:\/\/denjustpeace.org\/es\/"]}]},{"@type":"BreadcrumbList","@id":"https:\/\/denjustpeace.org\/es\/#breadcrumb","itemListElement":[{"@type":"ListItem","position":1,"name":"Home","item":"https:\/\/denjustpeace.org\/es\/"},{"@type":"ListItem","position":2,"name":"Inicio"}]},{"@type":"WebSite","@id":"https:\/\/denjustpeace.org\/es\/#website","url":"https:\/\/denjustpeace.org\/es\/","name":"Denver Justice &amp; Peace Committee","description":"","publisher":{"@id":"https:\/\/denjustpeace.org\/es\/#organization"},"potentialAction":[{"@type":"SearchAction","target":{"@type":"EntryPoint","urlTemplate":"https:\/\/denjustpeace.org\/es\/?s={search_term_string}"},"query-input":{"@type":"PropertyValueSpecification","valueRequired":true,"valueName":"search_term_string"}}],"inLanguage":"es"},{"@type":"Organization","@id":"https:\/\/denjustpeace.org\/es\/#organization","name":"Denver Justice & Peace Committee","url":"https:\/\/denjustpeace.org\/es\/","logo":{"@type":"ImageObject","inLanguage":"es","@id":"https:\/\/denjustpeace.org\/es\/#\/schema\/logo\/image\/","url":"http:\/\/denjustpeace.org\/wordpress\/wp-content\/uploads\/djpclogo.jpg","contentUrl":"http:\/\/denjustpeace.org\/wordpress\/wp-content\/uploads\/djpclogo.jpg","width":260,"height":260,"caption":"Denver Justice & Peace Committee"},"image":{"@id":"https:\/\/denjustpeace.org\/es\/#\/schema\/logo\/image\/"},"sameAs":["https:\/\/www.facebook.com\/DenverJusticeandPeaceCommittee\/","https:\/\/x.com\/denjustpeace"]}]}},"_links":{"self":[{"href":"https:\/\/denjustpeace.org\/es\/wp-json\/wp\/v2\/pages\/4979"}],"collection":[{"href":"https:\/\/denjustpeace.org\/es\/wp-json\/wp\/v2\/pages"}],"about":[{"href":"https:\/\/denjustpeace.org\/es\/wp-json\/wp\/v2\/types\/page"}],"author":[{"embeddable":true,"href":"https:\/\/denjustpeace.org\/es\/wp-json\/wp\/v2\/users\/6"}],"replies":[{"embeddable":true,"href":"https:\/\/denjustpeace.org\/es\/wp-json\/wp\/v2\/comments?post=4979"}],"version-history":[{"count":10,"href":"https:\/\/denjustpeace.org\/es\/wp-json\/wp\/v2\/pages\/4979\/revisions"}],"predecessor-version":[{"id":9390,"href":"https:\/\/denjustpeace.org\/es\/wp-json\/wp\/v2\/pages\/4979\/revisions\/9390"}],"wp:attachment":[{"href":"https:\/\/denjustpeace.org\/es\/wp-json\/wp\/v2\/media?parent=4979"}],"curies":[{"name":"wp","href":"https:\/\/api.w.org\/{rel}","templated":true}]}}