{"id":2,"date":"2009-04-23T14:49:21","date_gmt":"2009-04-23T19:49:21","guid":{"rendered":"http:\/\/denjustpeace.org\/wordpress\/?page_id=2"},"modified":"2024-03-19T14:42:41","modified_gmt":"2024-03-19T20:42:41","slug":"about","status":"publish","type":"page","link":"https:\/\/denjustpeace.org\/es\/about\/","title":{"rendered":"Qui\u00e9nes Somos"},"content":{"rendered":"<p>El Comit\u00e9 de Justicia y Paz de Denver (DJPC) es una organizaci\u00f3n de base que promueve los derechos humanos y la justicia econ\u00f3mica y ambiental a trav\u00e9s de la educaci\u00f3n y el activismo no violento para apoyar a comunidades que buscan justicia para todas las personas. Nos solidarizamos con los pueblos de las Am\u00e9ricas, particularmente con las comunidades oprimidas en Am\u00e9rica Latina.<\/p>\n<p><a href=\"http:\/\/denjustpeace.org\/wordpress\/wp-content\/uploads\/2009\/04\/djpc-history.jpg\"><img loading=\"lazy\" decoding=\"async\" class=\"size-full wp-image-5 aligncenter\" title=\"The Early Years\" src=\"http:\/\/denjustpeace.org\/wordpress\/wp-content\/uploads\/2009\/04\/djpc-history.jpg\" alt=\"Foto de un protesto\" width=\"175\" height=\"252\" \/><\/a><\/p>\n<p><strong>Nuestros valores:<\/strong><\/p>\n<ul>\n<li>Nos esforzamos por alcanzar justicia social, econ\u00f3mica y ambiental.<\/li>\n<li>Apoyamos las luchas de los pueblos ind\u00edgenas para mantener su integridad cultural al interactuar con el mundo en general.<\/li>\n<li>Reconocemos el impacto destructivo de las industrias extractivas no reguladas y apoyamos los esfuerzos de las comunidades afectadas para tomar el control local de la regulaci\u00f3n de dichas industrias y limitar el impacto de la miner\u00eda y la perforaci\u00f3n.<\/li>\n<li>Apoyamos a quienes buscan un cambio sist\u00e9mico en las condiciones que contribuyen a la injusticia y la violencia en las Am\u00e9ricas y el Sur Global.<\/li>\n<li>Fomentamos la concientizaci\u00f3n de nuestro propio papel en la perpetuaci\u00f3n de los sistemas de explotaci\u00f3n y amenazas a los derechos humanos. Creemos que podemos aprender de otras culturas y valorar las lecciones aprendidas a partir de nuestra colaboraci\u00f3n con nuestros vecinos y aliados.<\/li>\n<\/ul>\n<p>&nbsp;<\/p>\n<p><strong>Lo que hacemos:<\/strong><\/p>\n<ul>\n<li>Recibimos oradores invitados, patrocinamos foros educativos regulares y publicamos art\u00edculos breves.<\/li>\n<li>Realizamos actividades de divulgaci\u00f3n a trav\u00e9s de eventos comunitarios y charlas p\u00fablicas.<\/li>\n<li>Contactamos y nos reunimos con representantes pol\u00edticos y corporativos para discutir pol\u00edticas alternativas y estrategias de desarrollo.<\/li>\n<li>Dirigimos delegaciones a \u00e1reas donde los derechos humanos est\u00e1n amenazados para ser testimonio de violaciones de derechos humanos y colaboramos con instituciones acad\u00e9micas y socios comunitarios con fines educativos.<\/li>\n<li>Realizamos acciones directas a trav\u00e9s de protestas p\u00fablicas y marchas y nos unimos en coalici\u00f3n con otras organizaciones en la defensa de los derechos humanos en Am\u00e9rica Latina y otros.<\/li>\n<\/ul>\n<p>&nbsp;<\/p>\n<p><strong>M\u00e1s de cuatro d\u00e9cadas de Solidaridad, 1976 &#8211; 2022<\/strong>.<\/p>\n<p>DJPC se fund\u00f3 a finales de 1976 en respuesta al Llamado a la Acci\u00f3n de los Obispos Cat\u00f3licos Nacionales. DJPC se expandi\u00f3 y constituy\u00f3 en 1979, como una organizaci\u00f3n interreligiosa basada en membres\u00eda que aborda la injusticia global en los pa\u00edses en desarrollo. Uno de sus primeros proyectos fue participar en el boicot internacional de la Corporaci\u00f3n Nestl\u00e9 por su comercializaci\u00f3n poco \u00e9tica de f\u00f3rmulas infantiles en el mundo en desarrollo (ver foto). En 1984, DJPC apoy\u00f3 una campa\u00f1a contra Western Airlines por su cooperaci\u00f3n en la deportaci\u00f3n de Salvadore\u00f1os. Poco despu\u00e9s, DJPC promovi\u00f3 una campa\u00f1a para declarar a la Ciudad de Denver un santuario para los refugiados centroamericanos. Durante el resto de la d\u00e9cada y hasta el presente, DJPC ha seguido trabajando en solidaridad con la gente de Am\u00e9rica Latina patrocinando programas educativos, presionando a los funcionarios electos y promoviendo campa\u00f1as de acci\u00f3n. En 1996, cuando Guatemala firm\u00f3 los Acuerdos de Paz despu\u00e9s de a\u00f1os de genocidio, DJPC comenz\u00f3 a patrocinar a personas llamadas \u00abacompa\u00f1antes\u00bb cuya protecci\u00f3n de testigos con los mayas contin\u00faa hasta el d\u00eda de hoy, a trav\u00e9s de la organizaci\u00f3n nacional llamada NISGUA.<\/p>\n<p>El Comit\u00e9 de Justicia y Paz de Denver (DJPC) es una organizaci\u00f3n de base que promueve los derechos humanos y la justicia econ\u00f3mica y ambiental a trav\u00e9s de la educaci\u00f3n y el activismo no violento para apoyar a comunidades que buscan justicia para todas las personas. Nos solidarizamos con los pueblos de las Am\u00e9ricas, particularmente con las comunidades oprimidas en Am\u00e9rica Latina.<\/p>\n<p><a href=\"http:\/\/denjustpeace.org\/wordpress\/wp-content\/uploads\/2009\/04\/djpc-history.jpg\"><img loading=\"lazy\" decoding=\"async\" class=\"size-full wp-image-5 aligncenter\" title=\"The Early Years\" src=\"http:\/\/denjustpeace.org\/wordpress\/wp-content\/uploads\/2009\/04\/djpc-history.jpg\" alt=\"Foto de un protesto\" width=\"175\" height=\"252\" \/><\/a><\/p>\n<p><strong>Nuestros valores:<\/strong><\/p>\n<ul>\n<li>Nos esforzamos por alcanzar justicia social, econ\u00f3mica y ambiental.<\/li>\n<li>Apoyamos las luchas de los pueblos ind\u00edgenas para mantener su integridad cultural al interactuar con el mundo en general.<\/li>\n<li>Reconocemos el impacto destructivo de las industrias extractivas no reguladas y apoyamos los esfuerzos de las comunidades afectadas para tomar el control local de la regulaci\u00f3n de dichas industrias y limitar el impacto de la miner\u00eda y la perforaci\u00f3n.<\/li>\n<li>Apoyamos a quienes buscan un cambio sist\u00e9mico en las condiciones que contribuyen a la injusticia y la violencia en las Am\u00e9ricas y el Sur Global.<\/li>\n<li>Fomentamos la concientizaci\u00f3n de nuestro propio papel en la perpetuaci\u00f3n de los sistemas de explotaci\u00f3n y amenazas a los derechos humanos. Creemos que podemos aprender de otras culturas y valorar las lecciones aprendidas a partir de nuestra colaboraci\u00f3n con nuestros vecinos y aliados.<\/li>\n<\/ul>\n<p>&nbsp;<\/p>\n<p><strong>Lo que hacemos:<\/strong><\/p>\n<ul>\n<li>Recibimos oradores invitados, patrocinamos foros educativos regulares y publicamos art\u00edculos breves.<\/li>\n<li>Realizamos actividades de divulgaci\u00f3n a trav\u00e9s de eventos comunitarios y charlas p\u00fablicas.<\/li>\n<li>Contactamos y nos reunimos con representantes pol\u00edticos y corporativos para discutir pol\u00edticas alternativas y estrategias de desarrollo.<\/li>\n<li>Dirigimos delegaciones a \u00e1reas donde los derechos humanos est\u00e1n amenazados para ser testimonio de violaciones de derechos humanos y colaboramos con instituciones acad\u00e9micas y socios comunitarios con fines educativos.<\/li>\n<li>Realizamos acciones directas a trav\u00e9s de protestas p\u00fablicas y marchas y nos unimos en coalici\u00f3n con otras organizaciones en la defensa de los derechos humanos en Am\u00e9rica Latina y otros.<\/li>\n<\/ul>\n<p>&nbsp;<\/p>\n<p><strong>M\u00e1s de cuatro d\u00e9cadas de Solidaridad, 1976 &#8211; 2018<\/strong>.<\/p>\n<p>DJPC se fund\u00f3 a finales de 1976 en respuesta al Llamado a la Acci\u00f3n de los Obispos Cat\u00f3licos Nacionales. DJPC se expandi\u00f3 y constituy\u00f3 en 1979, como una organizaci\u00f3n interreligiosa basada en membres\u00eda que aborda la injusticia global en los pa\u00edses en desarrollo. Uno de sus primeros proyectos fue participar en el boicot internacional de la Corporaci\u00f3n Nestl\u00e9 por su comercializaci\u00f3n poco \u00e9tica de f\u00f3rmulas infantiles en el mundo en desarrollo (ver foto). En 1984, DJPC apoy\u00f3 una campa\u00f1a contra Western Airlines por su cooperaci\u00f3n en la deportaci\u00f3n de Salvadore\u00f1os. Poco despu\u00e9s, DJPC promovi\u00f3 una campa\u00f1a para declarar a la Ciudad de Denver un santuario para los refugiados centroamericanos. Durante el resto de la d\u00e9cada y hasta el presente, DJPC ha seguido trabajando en solidaridad con la gente de Am\u00e9rica Latina patrocinando programas educativos, presionando a los funcionarios electos y promoviendo campa\u00f1as de acci\u00f3n. En 1996, cuando Guatemala firm\u00f3 los Acuerdos de Paz despu\u00e9s de a\u00f1os de genocidio, DJPC comenz\u00f3 a patrocinar a personas llamadas \u00abacompa\u00f1antes\u00bb cuya protecci\u00f3n de testigos con los mayas contin\u00faa hasta el d\u00eda de hoy, a trav\u00e9s de la organizaci\u00f3n nacional llamada NISGUA.<\/p>\n<p>&nbsp;<\/p>","protected":false},"excerpt":{"rendered":"<p>El Comit\u00e9 de Justicia y Paz de Denver (DJPC) es una organizaci\u00f3n de base que promueve los derechos humanos y la justicia econ\u00f3mica y ambiental a trav\u00e9s de la educaci\u00f3n y el activismo no violento para apoyar a comunidades que buscan justicia para todas las personas. Nos solidarizamos con los pueblos de las Am\u00e9ricas, particularmente &hellip; <a href=\"https:\/\/denjustpeace.org\/es\/about\/\" class=\"more-link\">Continue reading <span class=\"screen-reader-text\">Qui\u00e9nes Somos<\/span><\/a><\/p>\n","protected":false},"author":1,"featured_media":5,"parent":0,"menu_order":0,"comment_status":"closed","ping_status":"closed","template":"","meta":{"footnotes":"","_links_to":"","_links_to_target":""},"yoast_head":"<!-- This site is optimized with the Yoast SEO plugin v23.5 - https:\/\/yoast.com\/wordpress\/plugins\/seo\/ -->\n<title>Qui\u00e9nes Somos - Denver Justice &amp; Peace Committee<\/title>\n<meta name=\"robots\" content=\"index, follow, max-snippet:-1, max-image-preview:large, max-video-preview:-1\" \/>\n<link rel=\"canonical\" href=\"https:\/\/denjustpeace.org\/es\/about\/\" \/>\n<meta property=\"og:locale\" content=\"es_ES\" \/>\n<meta property=\"og:type\" content=\"article\" \/>\n<meta property=\"og:title\" content=\"Qui\u00e9nes Somos - Denver Justice &amp; Peace Committee\" \/>\n<meta property=\"og:description\" content=\"El Comit\u00e9 de Justicia y Paz de Denver (DJPC) es una organizaci\u00f3n de base que promueve los derechos humanos y la justicia econ\u00f3mica y ambiental a trav\u00e9s de la educaci\u00f3n y el activismo no violento para apoyar a comunidades que buscan justicia para todas las personas. Nos solidarizamos con los pueblos de las Am\u00e9ricas, particularmente &hellip; Continue reading Qui\u00e9nes Somos\" \/>\n<meta property=\"og:url\" content=\"https:\/\/denjustpeace.org\/es\/about\/\" \/>\n<meta property=\"og:site_name\" content=\"Denver Justice &amp; Peace Committee\" \/>\n<meta property=\"article:publisher\" content=\"https:\/\/www.facebook.com\/DenverJusticeandPeaceCommittee\/\" \/>\n<meta property=\"article:modified_time\" content=\"2024-03-19T20:42:41+00:00\" \/>\n<meta property=\"og:image\" content=\"https:\/\/denjustpeace.org\/wordpress\/wp-content\/uploads\/2009\/04\/djpc-history.jpg\" \/>\n\t<meta property=\"og:image:width\" content=\"175\" \/>\n\t<meta property=\"og:image:height\" content=\"252\" \/>\n\t<meta property=\"og:image:type\" content=\"image\/jpeg\" \/>\n<meta name=\"twitter:card\" content=\"summary_large_image\" \/>\n<meta name=\"twitter:site\" content=\"@denjustpeace\" \/>\n<meta name=\"twitter:label1\" content=\"Tiempo de lectura\" \/>\n\t<meta name=\"twitter:data1\" content=\"3 minutos\" \/>\n<script type=\"application\/ld+json\" class=\"yoast-schema-graph\">{\"@context\":\"https:\/\/schema.org\",\"@graph\":[{\"@type\":\"WebPage\",\"@id\":\"https:\/\/denjustpeace.org\/es\/about\/\",\"url\":\"https:\/\/denjustpeace.org\/es\/about\/\",\"name\":\"Qui\u00e9nes Somos - Denver Justice &amp; Peace Committee\",\"isPartOf\":{\"@id\":\"https:\/\/denjustpeace.org\/es\/#website\"},\"primaryImageOfPage\":{\"@id\":\"https:\/\/denjustpeace.org\/es\/about\/#primaryimage\"},\"image\":{\"@id\":\"https:\/\/denjustpeace.org\/es\/about\/#primaryimage\"},\"thumbnailUrl\":\"https:\/\/denjustpeace.org\/wordpress\/wp-content\/uploads\/2009\/04\/djpc-history.jpg\",\"datePublished\":\"2009-04-23T19:49:21+00:00\",\"dateModified\":\"2024-03-19T20:42:41+00:00\",\"breadcrumb\":{\"@id\":\"https:\/\/denjustpeace.org\/es\/about\/#breadcrumb\"},\"inLanguage\":\"es\",\"potentialAction\":[{\"@type\":\"ReadAction\",\"target\":[\"https:\/\/denjustpeace.org\/es\/about\/\"]}]},{\"@type\":\"ImageObject\",\"inLanguage\":\"es\",\"@id\":\"https:\/\/denjustpeace.org\/es\/about\/#primaryimage\",\"url\":\"https:\/\/denjustpeace.org\/wordpress\/wp-content\/uploads\/2009\/04\/djpc-history.jpg\",\"contentUrl\":\"https:\/\/denjustpeace.org\/wordpress\/wp-content\/uploads\/2009\/04\/djpc-history.jpg\",\"width\":\"175\",\"height\":\"252\",\"caption\":\"Protesting Nestles\"},{\"@type\":\"BreadcrumbList\",\"@id\":\"https:\/\/denjustpeace.org\/es\/about\/#breadcrumb\",\"itemListElement\":[{\"@type\":\"ListItem\",\"position\":1,\"name\":\"Home\",\"item\":\"https:\/\/denjustpeace.org\/es\/\"},{\"@type\":\"ListItem\",\"position\":2,\"name\":\"Qui\u00e9nes Somos\"}]},{\"@type\":\"WebSite\",\"@id\":\"https:\/\/denjustpeace.org\/es\/#website\",\"url\":\"https:\/\/denjustpeace.org\/es\/\",\"name\":\"Denver Justice &amp; Peace Committee\",\"description\":\"\",\"publisher\":{\"@id\":\"https:\/\/denjustpeace.org\/es\/#organization\"},\"potentialAction\":[{\"@type\":\"SearchAction\",\"target\":{\"@type\":\"EntryPoint\",\"urlTemplate\":\"https:\/\/denjustpeace.org\/es\/?s={search_term_string}\"},\"query-input\":{\"@type\":\"PropertyValueSpecification\",\"valueRequired\":true,\"valueName\":\"search_term_string\"}}],\"inLanguage\":\"es\"},{\"@type\":\"Organization\",\"@id\":\"https:\/\/denjustpeace.org\/es\/#organization\",\"name\":\"Denver Justice & Peace Committee\",\"url\":\"https:\/\/denjustpeace.org\/es\/\",\"logo\":{\"@type\":\"ImageObject\",\"inLanguage\":\"es\",\"@id\":\"https:\/\/denjustpeace.org\/es\/#\/schema\/logo\/image\/\",\"url\":\"http:\/\/denjustpeace.org\/wordpress\/wp-content\/uploads\/djpclogo.jpg\",\"contentUrl\":\"http:\/\/denjustpeace.org\/wordpress\/wp-content\/uploads\/djpclogo.jpg\",\"width\":260,\"height\":260,\"caption\":\"Denver Justice & Peace Committee\"},\"image\":{\"@id\":\"https:\/\/denjustpeace.org\/es\/#\/schema\/logo\/image\/\"},\"sameAs\":[\"https:\/\/www.facebook.com\/DenverJusticeandPeaceCommittee\/\",\"https:\/\/x.com\/denjustpeace\"]}]}<\/script>\n<!-- \/ Yoast SEO plugin. -->","yoast_head_json":{"title":"Qui\u00e9nes Somos - Denver Justice &amp; Peace Committee","robots":{"index":"index","follow":"follow","max-snippet":"max-snippet:-1","max-image-preview":"max-image-preview:large","max-video-preview":"max-video-preview:-1"},"canonical":"https:\/\/denjustpeace.org\/es\/about\/","og_locale":"es_ES","og_type":"article","og_title":"Qui\u00e9nes Somos - Denver Justice &amp; Peace Committee","og_description":"El Comit\u00e9 de Justicia y Paz de Denver (DJPC) es una organizaci\u00f3n de base que promueve los derechos humanos y la justicia econ\u00f3mica y ambiental a trav\u00e9s de la educaci\u00f3n y el activismo no violento para apoyar a comunidades que buscan justicia para todas las personas. Nos solidarizamos con los pueblos de las Am\u00e9ricas, particularmente &hellip; Continue reading Qui\u00e9nes Somos","og_url":"https:\/\/denjustpeace.org\/es\/about\/","og_site_name":"Denver Justice &amp; Peace Committee","article_publisher":"https:\/\/www.facebook.com\/DenverJusticeandPeaceCommittee\/","article_modified_time":"2024-03-19T20:42:41+00:00","og_image":[{"width":175,"height":252,"url":"https:\/\/denjustpeace.org\/wordpress\/wp-content\/uploads\/2009\/04\/djpc-history.jpg","type":"image\/jpeg"}],"twitter_card":"summary_large_image","twitter_site":"@denjustpeace","twitter_misc":{"Tiempo de lectura":"3 minutos"},"schema":{"@context":"https:\/\/schema.org","@graph":[{"@type":"WebPage","@id":"https:\/\/denjustpeace.org\/es\/about\/","url":"https:\/\/denjustpeace.org\/es\/about\/","name":"Qui\u00e9nes Somos - Denver Justice &amp; Peace Committee","isPartOf":{"@id":"https:\/\/denjustpeace.org\/es\/#website"},"primaryImageOfPage":{"@id":"https:\/\/denjustpeace.org\/es\/about\/#primaryimage"},"image":{"@id":"https:\/\/denjustpeace.org\/es\/about\/#primaryimage"},"thumbnailUrl":"https:\/\/denjustpeace.org\/wordpress\/wp-content\/uploads\/2009\/04\/djpc-history.jpg","datePublished":"2009-04-23T19:49:21+00:00","dateModified":"2024-03-19T20:42:41+00:00","breadcrumb":{"@id":"https:\/\/denjustpeace.org\/es\/about\/#breadcrumb"},"inLanguage":"es","potentialAction":[{"@type":"ReadAction","target":["https:\/\/denjustpeace.org\/es\/about\/"]}]},{"@type":"ImageObject","inLanguage":"es","@id":"https:\/\/denjustpeace.org\/es\/about\/#primaryimage","url":"https:\/\/denjustpeace.org\/wordpress\/wp-content\/uploads\/2009\/04\/djpc-history.jpg","contentUrl":"https:\/\/denjustpeace.org\/wordpress\/wp-content\/uploads\/2009\/04\/djpc-history.jpg","width":"175","height":"252","caption":"Protesting Nestles"},{"@type":"BreadcrumbList","@id":"https:\/\/denjustpeace.org\/es\/about\/#breadcrumb","itemListElement":[{"@type":"ListItem","position":1,"name":"Home","item":"https:\/\/denjustpeace.org\/es\/"},{"@type":"ListItem","position":2,"name":"Qui\u00e9nes Somos"}]},{"@type":"WebSite","@id":"https:\/\/denjustpeace.org\/es\/#website","url":"https:\/\/denjustpeace.org\/es\/","name":"Denver Justice &amp; Peace Committee","description":"","publisher":{"@id":"https:\/\/denjustpeace.org\/es\/#organization"},"potentialAction":[{"@type":"SearchAction","target":{"@type":"EntryPoint","urlTemplate":"https:\/\/denjustpeace.org\/es\/?s={search_term_string}"},"query-input":{"@type":"PropertyValueSpecification","valueRequired":true,"valueName":"search_term_string"}}],"inLanguage":"es"},{"@type":"Organization","@id":"https:\/\/denjustpeace.org\/es\/#organization","name":"Denver Justice & Peace Committee","url":"https:\/\/denjustpeace.org\/es\/","logo":{"@type":"ImageObject","inLanguage":"es","@id":"https:\/\/denjustpeace.org\/es\/#\/schema\/logo\/image\/","url":"http:\/\/denjustpeace.org\/wordpress\/wp-content\/uploads\/djpclogo.jpg","contentUrl":"http:\/\/denjustpeace.org\/wordpress\/wp-content\/uploads\/djpclogo.jpg","width":260,"height":260,"caption":"Denver Justice & Peace Committee"},"image":{"@id":"https:\/\/denjustpeace.org\/es\/#\/schema\/logo\/image\/"},"sameAs":["https:\/\/www.facebook.com\/DenverJusticeandPeaceCommittee\/","https:\/\/x.com\/denjustpeace"]}]}},"_links":{"self":[{"href":"https:\/\/denjustpeace.org\/es\/wp-json\/wp\/v2\/pages\/2"}],"collection":[{"href":"https:\/\/denjustpeace.org\/es\/wp-json\/wp\/v2\/pages"}],"about":[{"href":"https:\/\/denjustpeace.org\/es\/wp-json\/wp\/v2\/types\/page"}],"author":[{"embeddable":true,"href":"https:\/\/denjustpeace.org\/es\/wp-json\/wp\/v2\/users\/1"}],"replies":[{"embeddable":true,"href":"https:\/\/denjustpeace.org\/es\/wp-json\/wp\/v2\/comments?post=2"}],"version-history":[{"count":51,"href":"https:\/\/denjustpeace.org\/es\/wp-json\/wp\/v2\/pages\/2\/revisions"}],"predecessor-version":[{"id":9374,"href":"https:\/\/denjustpeace.org\/es\/wp-json\/wp\/v2\/pages\/2\/revisions\/9374"}],"wp:featuredmedia":[{"embeddable":true,"href":"https:\/\/denjustpeace.org\/es\/wp-json\/wp\/v2\/media\/5"}],"wp:attachment":[{"href":"https:\/\/denjustpeace.org\/es\/wp-json\/wp\/v2\/media?parent=2"}],"curies":[{"name":"wp","href":"https:\/\/api.w.org\/{rel}","templated":true}]}}