{"id":18,"date":"2009-04-25T00:09:55","date_gmt":"2009-04-25T00:09:55","guid":{"rendered":"http:\/\/69.65.33.105\/~znpar2qx\/wordpress\/?page_id=18"},"modified":"2025-07-30T13:32:44","modified_gmt":"2025-07-30T19:32:44","slug":"education","status":"publish","type":"page","link":"https:\/\/denjustpeace.org\/es\/how-we-work\/education\/","title":{"rendered":"Education Activities"},"content":{"rendered":"<p class=\"qtranxs-available-languages-message qtranxs-available-languages-message-es\">Disculpa, pero esta entrada est\u00e1 disponible s\u00f3lo en <a href=\"https:\/\/denjustpeace.org\/en\/wp-json\/wp\/v2\/pages\/18\" class=\"qtranxs-available-language-link qtranxs-available-language-link-en\" title=\"English\">Ingl\u00e9s Estadounidense<\/a>.<\/p>","protected":false},"excerpt":{"rendered":"<p>Disculpa, pero esta entrada est\u00e1 disponible s\u00f3lo en Ingl\u00e9s Estadounidense.<\/p>\n","protected":false},"author":1,"featured_media":8421,"parent":12,"menu_order":0,"comment_status":"closed","ping_status":"closed","template":"","meta":{"footnotes":"","_links_to":"","_links_to_target":""},"yoast_head":"<!-- This site is optimized with the Yoast SEO plugin v23.5 - https:\/\/yoast.com\/wordpress\/plugins\/seo\/ -->\n<title>Education Activities - Denver Justice &amp; Peace Committee<\/title>\n<meta name=\"robots\" content=\"index, follow, max-snippet:-1, max-image-preview:large, max-video-preview:-1\" \/>\n<link rel=\"canonical\" href=\"https:\/\/denjustpeace.org\/es\/how-we-work\/education\/\" \/>\n<meta property=\"og:locale\" content=\"es_ES\" \/>\n<meta property=\"og:type\" content=\"article\" \/>\n<meta property=\"og:title\" content=\"Education Activities - Denver Justice &amp; Peace Committee\" \/>\n<meta property=\"og:description\" content=\"Disculpa, pero esta entrada est\u00e1 disponible s\u00f3lo en Ingl\u00e9s Estadounidense.\" \/>\n<meta property=\"og:url\" content=\"https:\/\/denjustpeace.org\/es\/how-we-work\/education\/\" \/>\n<meta property=\"og:site_name\" content=\"Denver Justice &amp; Peace Committee\" \/>\n<meta property=\"article:publisher\" content=\"https:\/\/www.facebook.com\/DenverJusticeandPeaceCommittee\/\" \/>\n<meta property=\"article:modified_time\" content=\"2025-07-30T19:32:44+00:00\" \/>\n<meta property=\"og:image\" content=\"https:\/\/denjustpeace.org\/wordpress\/wp-content\/uploads\/Forum-Todd-Miller-Sept-25-2019-e1569894663840.jpg\" \/>\n\t<meta property=\"og:image:width\" content=\"4032\" \/>\n\t<meta property=\"og:image:height\" content=\"645\" \/>\n\t<meta property=\"og:image:type\" content=\"image\/jpeg\" \/>\n<meta name=\"twitter:card\" content=\"summary_large_image\" \/>\n<meta name=\"twitter:site\" content=\"@denjustpeace\" \/>\n<meta name=\"twitter:label1\" content=\"Tiempo de lectura\" \/>\n\t<meta name=\"twitter:data1\" content=\"25 minutos\" \/>\n<script type=\"application\/ld+json\" class=\"yoast-schema-graph\">{\"@context\":\"https:\/\/schema.org\",\"@graph\":[{\"@type\":\"WebPage\",\"@id\":\"https:\/\/denjustpeace.org\/es\/how-we-work\/education\/\",\"url\":\"https:\/\/denjustpeace.org\/es\/how-we-work\/education\/\",\"name\":\"Education Activities - Denver Justice &amp; Peace Committee\",\"isPartOf\":{\"@id\":\"https:\/\/denjustpeace.org\/es\/#website\"},\"primaryImageOfPage\":{\"@id\":\"https:\/\/denjustpeace.org\/es\/how-we-work\/education\/#primaryimage\"},\"image\":{\"@id\":\"https:\/\/denjustpeace.org\/es\/how-we-work\/education\/#primaryimage\"},\"thumbnailUrl\":\"https:\/\/denjustpeace.org\/wordpress\/wp-content\/uploads\/Forum-Todd-Miller-Sept-25-2019-e1569894663840.jpg\",\"datePublished\":\"2009-04-25T00:09:55+00:00\",\"dateModified\":\"2025-07-30T19:32:44+00:00\",\"breadcrumb\":{\"@id\":\"https:\/\/denjustpeace.org\/es\/how-we-work\/education\/#breadcrumb\"},\"inLanguage\":\"es\",\"potentialAction\":[{\"@type\":\"ReadAction\",\"target\":[\"https:\/\/denjustpeace.org\/es\/how-we-work\/education\/\"]}]},{\"@type\":\"ImageObject\",\"inLanguage\":\"es\",\"@id\":\"https:\/\/denjustpeace.org\/es\/how-we-work\/education\/#primaryimage\",\"url\":\"https:\/\/denjustpeace.org\/wordpress\/wp-content\/uploads\/Forum-Todd-Miller-Sept-25-2019-e1569894663840.jpg\",\"contentUrl\":\"https:\/\/denjustpeace.org\/wordpress\/wp-content\/uploads\/Forum-Todd-Miller-Sept-25-2019-e1569894663840.jpg\",\"width\":4032,\"height\":645},{\"@type\":\"BreadcrumbList\",\"@id\":\"https:\/\/denjustpeace.org\/es\/how-we-work\/education\/#breadcrumb\",\"itemListElement\":[{\"@type\":\"ListItem\",\"position\":1,\"name\":\"Home\",\"item\":\"https:\/\/denjustpeace.org\/es\/\"},{\"@type\":\"ListItem\",\"position\":2,\"name\":\"How We Work\",\"item\":\"https:\/\/denjustpeace.org\/es\/how-we-work\/\"},{\"@type\":\"ListItem\",\"position\":3,\"name\":\"Education Activities\"}]},{\"@type\":\"WebSite\",\"@id\":\"https:\/\/denjustpeace.org\/es\/#website\",\"url\":\"https:\/\/denjustpeace.org\/es\/\",\"name\":\"Denver Justice &amp; Peace Committee\",\"description\":\"\",\"publisher\":{\"@id\":\"https:\/\/denjustpeace.org\/es\/#organization\"},\"potentialAction\":[{\"@type\":\"SearchAction\",\"target\":{\"@type\":\"EntryPoint\",\"urlTemplate\":\"https:\/\/denjustpeace.org\/es\/?s={search_term_string}\"},\"query-input\":{\"@type\":\"PropertyValueSpecification\",\"valueRequired\":true,\"valueName\":\"search_term_string\"}}],\"inLanguage\":\"es\"},{\"@type\":\"Organization\",\"@id\":\"https:\/\/denjustpeace.org\/es\/#organization\",\"name\":\"Denver Justice & Peace Committee\",\"url\":\"https:\/\/denjustpeace.org\/es\/\",\"logo\":{\"@type\":\"ImageObject\",\"inLanguage\":\"es\",\"@id\":\"https:\/\/denjustpeace.org\/es\/#\/schema\/logo\/image\/\",\"url\":\"http:\/\/denjustpeace.org\/wordpress\/wp-content\/uploads\/djpclogo.jpg\",\"contentUrl\":\"http:\/\/denjustpeace.org\/wordpress\/wp-content\/uploads\/djpclogo.jpg\",\"width\":260,\"height\":260,\"caption\":\"Denver Justice & Peace Committee\"},\"image\":{\"@id\":\"https:\/\/denjustpeace.org\/es\/#\/schema\/logo\/image\/\"},\"sameAs\":[\"https:\/\/www.facebook.com\/DenverJusticeandPeaceCommittee\/\",\"https:\/\/x.com\/denjustpeace\"]}]}<\/script>\n<!-- \/ Yoast SEO plugin. -->","yoast_head_json":{"title":"Education Activities - Denver Justice &amp; Peace Committee","robots":{"index":"index","follow":"follow","max-snippet":"max-snippet:-1","max-image-preview":"max-image-preview:large","max-video-preview":"max-video-preview:-1"},"canonical":"https:\/\/denjustpeace.org\/es\/how-we-work\/education\/","og_locale":"es_ES","og_type":"article","og_title":"Education Activities - Denver Justice &amp; Peace Committee","og_description":"Disculpa, pero esta entrada est\u00e1 disponible s\u00f3lo en Ingl\u00e9s Estadounidense.","og_url":"https:\/\/denjustpeace.org\/es\/how-we-work\/education\/","og_site_name":"Denver Justice &amp; Peace Committee","article_publisher":"https:\/\/www.facebook.com\/DenverJusticeandPeaceCommittee\/","article_modified_time":"2025-07-30T19:32:44+00:00","og_image":[{"width":4032,"height":645,"url":"https:\/\/denjustpeace.org\/wordpress\/wp-content\/uploads\/Forum-Todd-Miller-Sept-25-2019-e1569894663840.jpg","type":"image\/jpeg"}],"twitter_card":"summary_large_image","twitter_site":"@denjustpeace","twitter_misc":{"Tiempo de lectura":"25 minutos"},"schema":{"@context":"https:\/\/schema.org","@graph":[{"@type":"WebPage","@id":"https:\/\/denjustpeace.org\/es\/how-we-work\/education\/","url":"https:\/\/denjustpeace.org\/es\/how-we-work\/education\/","name":"Education Activities - Denver Justice &amp; Peace Committee","isPartOf":{"@id":"https:\/\/denjustpeace.org\/es\/#website"},"primaryImageOfPage":{"@id":"https:\/\/denjustpeace.org\/es\/how-we-work\/education\/#primaryimage"},"image":{"@id":"https:\/\/denjustpeace.org\/es\/how-we-work\/education\/#primaryimage"},"thumbnailUrl":"https:\/\/denjustpeace.org\/wordpress\/wp-content\/uploads\/Forum-Todd-Miller-Sept-25-2019-e1569894663840.jpg","datePublished":"2009-04-25T00:09:55+00:00","dateModified":"2025-07-30T19:32:44+00:00","breadcrumb":{"@id":"https:\/\/denjustpeace.org\/es\/how-we-work\/education\/#breadcrumb"},"inLanguage":"es","potentialAction":[{"@type":"ReadAction","target":["https:\/\/denjustpeace.org\/es\/how-we-work\/education\/"]}]},{"@type":"ImageObject","inLanguage":"es","@id":"https:\/\/denjustpeace.org\/es\/how-we-work\/education\/#primaryimage","url":"https:\/\/denjustpeace.org\/wordpress\/wp-content\/uploads\/Forum-Todd-Miller-Sept-25-2019-e1569894663840.jpg","contentUrl":"https:\/\/denjustpeace.org\/wordpress\/wp-content\/uploads\/Forum-Todd-Miller-Sept-25-2019-e1569894663840.jpg","width":4032,"height":645},{"@type":"BreadcrumbList","@id":"https:\/\/denjustpeace.org\/es\/how-we-work\/education\/#breadcrumb","itemListElement":[{"@type":"ListItem","position":1,"name":"Home","item":"https:\/\/denjustpeace.org\/es\/"},{"@type":"ListItem","position":2,"name":"How We Work","item":"https:\/\/denjustpeace.org\/es\/how-we-work\/"},{"@type":"ListItem","position":3,"name":"Education Activities"}]},{"@type":"WebSite","@id":"https:\/\/denjustpeace.org\/es\/#website","url":"https:\/\/denjustpeace.org\/es\/","name":"Denver Justice &amp; Peace Committee","description":"","publisher":{"@id":"https:\/\/denjustpeace.org\/es\/#organization"},"potentialAction":[{"@type":"SearchAction","target":{"@type":"EntryPoint","urlTemplate":"https:\/\/denjustpeace.org\/es\/?s={search_term_string}"},"query-input":{"@type":"PropertyValueSpecification","valueRequired":true,"valueName":"search_term_string"}}],"inLanguage":"es"},{"@type":"Organization","@id":"https:\/\/denjustpeace.org\/es\/#organization","name":"Denver Justice & Peace Committee","url":"https:\/\/denjustpeace.org\/es\/","logo":{"@type":"ImageObject","inLanguage":"es","@id":"https:\/\/denjustpeace.org\/es\/#\/schema\/logo\/image\/","url":"http:\/\/denjustpeace.org\/wordpress\/wp-content\/uploads\/djpclogo.jpg","contentUrl":"http:\/\/denjustpeace.org\/wordpress\/wp-content\/uploads\/djpclogo.jpg","width":260,"height":260,"caption":"Denver Justice & Peace Committee"},"image":{"@id":"https:\/\/denjustpeace.org\/es\/#\/schema\/logo\/image\/"},"sameAs":["https:\/\/www.facebook.com\/DenverJusticeandPeaceCommittee\/","https:\/\/x.com\/denjustpeace"]}]}},"_links":{"self":[{"href":"https:\/\/denjustpeace.org\/es\/wp-json\/wp\/v2\/pages\/18"}],"collection":[{"href":"https:\/\/denjustpeace.org\/es\/wp-json\/wp\/v2\/pages"}],"about":[{"href":"https:\/\/denjustpeace.org\/es\/wp-json\/wp\/v2\/types\/page"}],"author":[{"embeddable":true,"href":"https:\/\/denjustpeace.org\/es\/wp-json\/wp\/v2\/users\/1"}],"replies":[{"embeddable":true,"href":"https:\/\/denjustpeace.org\/es\/wp-json\/wp\/v2\/comments?post=18"}],"version-history":[{"count":69,"href":"https:\/\/denjustpeace.org\/es\/wp-json\/wp\/v2\/pages\/18\/revisions"}],"predecessor-version":[{"id":9563,"href":"https:\/\/denjustpeace.org\/es\/wp-json\/wp\/v2\/pages\/18\/revisions\/9563"}],"up":[{"embeddable":true,"href":"https:\/\/denjustpeace.org\/es\/wp-json\/wp\/v2\/pages\/12"}],"wp:featuredmedia":[{"embeddable":true,"href":"https:\/\/denjustpeace.org\/es\/wp-json\/wp\/v2\/media\/8421"}],"wp:attachment":[{"href":"https:\/\/denjustpeace.org\/es\/wp-json\/wp\/v2\/media?parent=18"}],"curies":[{"name":"wp","href":"https:\/\/api.w.org\/{rel}","templated":true}]}}