{"id":152,"date":"2009-05-10T16:53:12","date_gmt":"2009-05-10T16:53:12","guid":{"rendered":"http:\/\/denjustpeace.org\/wordpress\/?page_id=152"},"modified":"2025-09-09T15:04:17","modified_gmt":"2025-09-09T21:04:17","slug":"history","status":"publish","type":"page","link":"https:\/\/denjustpeace.org\/es\/about\/history\/","title":{"rendered":"Historia"},"content":{"rendered":"<p>\u00a139 A\u00d1OS DE SOLIDARIDAD, 1979 &#8211; 2019!<img loading=\"lazy\" decoding=\"async\" class=\"alignright\" src=\"http:\/\/denjustpeace.org\/wordpress\/wp-content\/uploads\/arms.gif\" alt=\"\" width=\"415\" height=\"271\" \/><\/p>\n<p>El Comit\u00e9 de Justicia y Paz de Denver (DJPC) se fund\u00f3 a fines de 1976 en respuesta al Llamado a la Acci\u00f3n de los Obispos Cat\u00f3licos Nacionales. DJPC se expandi\u00f3 y se constituy\u00f3 en 1979, como una organizaci\u00f3n interreligiosa basada en membres\u00eda que aborda la injusticia global en pa\u00edses en desarrollo. Uno de sus primeros proyectos fue participar en el boicot internacional de la corporaci\u00f3n Nestl\u00e9 por su comercializaci\u00f3n poco \u00e9tica de f\u00f3rmulas infantiles en el Tercer Mundo.<\/p>\n<p><a href=\"http:\/\/denjustpeace.org\/wordpress\/wp-content\/uploads\/2009\/04\/djpc-history.jpg\"><img loading=\"lazy\" decoding=\"async\" class=\"size-full wp-image-5\" title=\"The Early Years\" src=\"http:\/\/denjustpeace.org\/wordpress\/wp-content\/uploads\/2009\/04\/djpc-history.jpg\" alt=\"Foto de un protesto\" width=\"175\" height=\"252\" \/><\/a><\/p>\n<p>En 1984, DJPC apoy\u00f3 una campa\u00f1a contra Western Airlines por su cooperaci\u00f3n en la deportaci\u00f3n de Salvadore\u00f1os. Poco despu\u00e9s, DJPC promovi\u00f3 una campa\u00f1a para declarar a la Ciudad de Denver un santuario para los refugiados centroamericanos. Durante el resto de la d\u00e9cada y en los 90s, DJPC ha continuado trabajando en solidaridad con la gente de Am\u00e9rica Latina patrocinando programas educativos, presionando a funcionarios electos y promoviendo campa\u00f1as de acci\u00f3n.<\/p>\n<p>Nuestros programas actuales incluyen:<\/p>\n<p>(1) <em>MineWatch<\/em> es un programa dedicado a crear conciencia sobre la extracci\u00f3n de recursos en las Am\u00e9ricas y a trabajar en solidaridad con las personas de las comunidades afectadas.<\/p>\n<p>(2) La serie de Foros de charlas sobre paz y justicia en Am\u00e9rica Latina, activismo contra la violencia, abordando la pol\u00edtica exterior de los Estados Unidos y la globalizaci\u00f3n.<\/p>","protected":false},"excerpt":{"rendered":"<p>\u00a139 A\u00d1OS DE SOLIDARIDAD, 1979 &#8211; 2019! El Comit\u00e9 de Justicia y Paz de Denver (DJPC) se fund\u00f3 a fines de 1976 en respuesta al Llamado a la Acci\u00f3n de los Obispos Cat\u00f3licos Nacionales. DJPC se expandi\u00f3 y se constituy\u00f3 en 1979, como una organizaci\u00f3n interreligiosa basada en membres\u00eda que aborda la injusticia global en &hellip; <a href=\"https:\/\/denjustpeace.org\/es\/about\/history\/\" class=\"more-link\">Continue reading <span class=\"screen-reader-text\">Historia<\/span><\/a><\/p>\n","protected":false},"author":1,"featured_media":532,"parent":2,"menu_order":0,"comment_status":"closed","ping_status":"closed","template":"","meta":{"footnotes":"","_links_to":"","_links_to_target":""},"yoast_head":"<!-- This site is optimized with the Yoast SEO plugin v23.5 - https:\/\/yoast.com\/wordpress\/plugins\/seo\/ -->\n<title>Historia - Denver Justice &amp; Peace Committee<\/title>\n<meta name=\"robots\" content=\"index, follow, max-snippet:-1, max-image-preview:large, max-video-preview:-1\" \/>\n<link rel=\"canonical\" href=\"https:\/\/denjustpeace.org\/es\/about\/history\/\" \/>\n<meta property=\"og:locale\" content=\"es_ES\" \/>\n<meta property=\"og:type\" content=\"article\" \/>\n<meta property=\"og:title\" content=\"Historia - Denver Justice &amp; Peace Committee\" \/>\n<meta property=\"og:description\" content=\"\u00a139 A\u00d1OS DE SOLIDARIDAD, 1979 &#8211; 2019! El Comit\u00e9 de Justicia y Paz de Denver (DJPC) se fund\u00f3 a fines de 1976 en respuesta al Llamado a la Acci\u00f3n de los Obispos Cat\u00f3licos Nacionales. DJPC se expandi\u00f3 y se constituy\u00f3 en 1979, como una organizaci\u00f3n interreligiosa basada en membres\u00eda que aborda la injusticia global en &hellip; Continue reading Historia\" \/>\n<meta property=\"og:url\" content=\"https:\/\/denjustpeace.org\/es\/about\/history\/\" \/>\n<meta property=\"og:site_name\" content=\"Denver Justice &amp; Peace Committee\" \/>\n<meta property=\"article:publisher\" content=\"https:\/\/www.facebook.com\/DenverJusticeandPeaceCommittee\/\" \/>\n<meta property=\"article:modified_time\" content=\"2025-09-09T21:04:17+00:00\" \/>\n<meta property=\"og:image\" content=\"https:\/\/denjustpeace.org\/wordpress\/wp-content\/uploads\/arms.gif\" \/>\n\t<meta property=\"og:image:width\" content=\"415\" \/>\n\t<meta property=\"og:image:height\" content=\"271\" \/>\n\t<meta property=\"og:image:type\" content=\"image\/gif\" \/>\n<meta name=\"twitter:card\" content=\"summary_large_image\" \/>\n<meta name=\"twitter:site\" content=\"@denjustpeace\" \/>\n<meta name=\"twitter:label1\" content=\"Tiempo de lectura\" \/>\n\t<meta name=\"twitter:data1\" content=\"2 minutos\" \/>\n<script type=\"application\/ld+json\" class=\"yoast-schema-graph\">{\"@context\":\"https:\/\/schema.org\",\"@graph\":[{\"@type\":\"WebPage\",\"@id\":\"https:\/\/denjustpeace.org\/es\/about\/history\/\",\"url\":\"https:\/\/denjustpeace.org\/es\/about\/history\/\",\"name\":\"Historia - Denver Justice &amp; Peace Committee\",\"isPartOf\":{\"@id\":\"https:\/\/denjustpeace.org\/es\/#website\"},\"primaryImageOfPage\":{\"@id\":\"https:\/\/denjustpeace.org\/es\/about\/history\/#primaryimage\"},\"image\":{\"@id\":\"https:\/\/denjustpeace.org\/es\/about\/history\/#primaryimage\"},\"thumbnailUrl\":\"https:\/\/denjustpeace.org\/wordpress\/wp-content\/uploads\/arms.gif\",\"datePublished\":\"2009-05-10T16:53:12+00:00\",\"dateModified\":\"2025-09-09T21:04:17+00:00\",\"breadcrumb\":{\"@id\":\"https:\/\/denjustpeace.org\/es\/about\/history\/#breadcrumb\"},\"inLanguage\":\"es\",\"potentialAction\":[{\"@type\":\"ReadAction\",\"target\":[\"https:\/\/denjustpeace.org\/es\/about\/history\/\"]}]},{\"@type\":\"ImageObject\",\"inLanguage\":\"es\",\"@id\":\"https:\/\/denjustpeace.org\/es\/about\/history\/#primaryimage\",\"url\":\"https:\/\/denjustpeace.org\/wordpress\/wp-content\/uploads\/arms.gif\",\"contentUrl\":\"https:\/\/denjustpeace.org\/wordpress\/wp-content\/uploads\/arms.gif\",\"width\":\"415\",\"height\":\"271\"},{\"@type\":\"BreadcrumbList\",\"@id\":\"https:\/\/denjustpeace.org\/es\/about\/history\/#breadcrumb\",\"itemListElement\":[{\"@type\":\"ListItem\",\"position\":1,\"name\":\"Home\",\"item\":\"https:\/\/denjustpeace.org\/es\/\"},{\"@type\":\"ListItem\",\"position\":2,\"name\":\"Qui\u00e9nes Somos\",\"item\":\"https:\/\/denjustpeace.org\/es\/about\/\"},{\"@type\":\"ListItem\",\"position\":3,\"name\":\"Historia\"}]},{\"@type\":\"WebSite\",\"@id\":\"https:\/\/denjustpeace.org\/es\/#website\",\"url\":\"https:\/\/denjustpeace.org\/es\/\",\"name\":\"Denver Justice &amp; Peace Committee\",\"description\":\"\",\"publisher\":{\"@id\":\"https:\/\/denjustpeace.org\/es\/#organization\"},\"potentialAction\":[{\"@type\":\"SearchAction\",\"target\":{\"@type\":\"EntryPoint\",\"urlTemplate\":\"https:\/\/denjustpeace.org\/es\/?s={search_term_string}\"},\"query-input\":{\"@type\":\"PropertyValueSpecification\",\"valueRequired\":true,\"valueName\":\"search_term_string\"}}],\"inLanguage\":\"es\"},{\"@type\":\"Organization\",\"@id\":\"https:\/\/denjustpeace.org\/es\/#organization\",\"name\":\"Denver Justice & Peace Committee\",\"url\":\"https:\/\/denjustpeace.org\/es\/\",\"logo\":{\"@type\":\"ImageObject\",\"inLanguage\":\"es\",\"@id\":\"https:\/\/denjustpeace.org\/es\/#\/schema\/logo\/image\/\",\"url\":\"http:\/\/denjustpeace.org\/wordpress\/wp-content\/uploads\/djpclogo.jpg\",\"contentUrl\":\"http:\/\/denjustpeace.org\/wordpress\/wp-content\/uploads\/djpclogo.jpg\",\"width\":260,\"height\":260,\"caption\":\"Denver Justice & Peace Committee\"},\"image\":{\"@id\":\"https:\/\/denjustpeace.org\/es\/#\/schema\/logo\/image\/\"},\"sameAs\":[\"https:\/\/www.facebook.com\/DenverJusticeandPeaceCommittee\/\",\"https:\/\/x.com\/denjustpeace\"]}]}<\/script>\n<!-- \/ Yoast SEO plugin. -->","yoast_head_json":{"title":"Historia - Denver Justice &amp; Peace Committee","robots":{"index":"index","follow":"follow","max-snippet":"max-snippet:-1","max-image-preview":"max-image-preview:large","max-video-preview":"max-video-preview:-1"},"canonical":"https:\/\/denjustpeace.org\/es\/about\/history\/","og_locale":"es_ES","og_type":"article","og_title":"Historia - Denver Justice &amp; Peace Committee","og_description":"\u00a139 A\u00d1OS DE SOLIDARIDAD, 1979 &#8211; 2019! El Comit\u00e9 de Justicia y Paz de Denver (DJPC) se fund\u00f3 a fines de 1976 en respuesta al Llamado a la Acci\u00f3n de los Obispos Cat\u00f3licos Nacionales. DJPC se expandi\u00f3 y se constituy\u00f3 en 1979, como una organizaci\u00f3n interreligiosa basada en membres\u00eda que aborda la injusticia global en &hellip; Continue reading Historia","og_url":"https:\/\/denjustpeace.org\/es\/about\/history\/","og_site_name":"Denver Justice &amp; Peace Committee","article_publisher":"https:\/\/www.facebook.com\/DenverJusticeandPeaceCommittee\/","article_modified_time":"2025-09-09T21:04:17+00:00","og_image":[{"width":415,"height":271,"url":"https:\/\/denjustpeace.org\/wordpress\/wp-content\/uploads\/arms.gif","type":"image\/gif"}],"twitter_card":"summary_large_image","twitter_site":"@denjustpeace","twitter_misc":{"Tiempo de lectura":"2 minutos"},"schema":{"@context":"https:\/\/schema.org","@graph":[{"@type":"WebPage","@id":"https:\/\/denjustpeace.org\/es\/about\/history\/","url":"https:\/\/denjustpeace.org\/es\/about\/history\/","name":"Historia - Denver Justice &amp; Peace Committee","isPartOf":{"@id":"https:\/\/denjustpeace.org\/es\/#website"},"primaryImageOfPage":{"@id":"https:\/\/denjustpeace.org\/es\/about\/history\/#primaryimage"},"image":{"@id":"https:\/\/denjustpeace.org\/es\/about\/history\/#primaryimage"},"thumbnailUrl":"https:\/\/denjustpeace.org\/wordpress\/wp-content\/uploads\/arms.gif","datePublished":"2009-05-10T16:53:12+00:00","dateModified":"2025-09-09T21:04:17+00:00","breadcrumb":{"@id":"https:\/\/denjustpeace.org\/es\/about\/history\/#breadcrumb"},"inLanguage":"es","potentialAction":[{"@type":"ReadAction","target":["https:\/\/denjustpeace.org\/es\/about\/history\/"]}]},{"@type":"ImageObject","inLanguage":"es","@id":"https:\/\/denjustpeace.org\/es\/about\/history\/#primaryimage","url":"https:\/\/denjustpeace.org\/wordpress\/wp-content\/uploads\/arms.gif","contentUrl":"https:\/\/denjustpeace.org\/wordpress\/wp-content\/uploads\/arms.gif","width":"415","height":"271"},{"@type":"BreadcrumbList","@id":"https:\/\/denjustpeace.org\/es\/about\/history\/#breadcrumb","itemListElement":[{"@type":"ListItem","position":1,"name":"Home","item":"https:\/\/denjustpeace.org\/es\/"},{"@type":"ListItem","position":2,"name":"Qui\u00e9nes Somos","item":"https:\/\/denjustpeace.org\/es\/about\/"},{"@type":"ListItem","position":3,"name":"Historia"}]},{"@type":"WebSite","@id":"https:\/\/denjustpeace.org\/es\/#website","url":"https:\/\/denjustpeace.org\/es\/","name":"Denver Justice &amp; Peace Committee","description":"","publisher":{"@id":"https:\/\/denjustpeace.org\/es\/#organization"},"potentialAction":[{"@type":"SearchAction","target":{"@type":"EntryPoint","urlTemplate":"https:\/\/denjustpeace.org\/es\/?s={search_term_string}"},"query-input":{"@type":"PropertyValueSpecification","valueRequired":true,"valueName":"search_term_string"}}],"inLanguage":"es"},{"@type":"Organization","@id":"https:\/\/denjustpeace.org\/es\/#organization","name":"Denver Justice & Peace Committee","url":"https:\/\/denjustpeace.org\/es\/","logo":{"@type":"ImageObject","inLanguage":"es","@id":"https:\/\/denjustpeace.org\/es\/#\/schema\/logo\/image\/","url":"http:\/\/denjustpeace.org\/wordpress\/wp-content\/uploads\/djpclogo.jpg","contentUrl":"http:\/\/denjustpeace.org\/wordpress\/wp-content\/uploads\/djpclogo.jpg","width":260,"height":260,"caption":"Denver Justice & Peace Committee"},"image":{"@id":"https:\/\/denjustpeace.org\/es\/#\/schema\/logo\/image\/"},"sameAs":["https:\/\/www.facebook.com\/DenverJusticeandPeaceCommittee\/","https:\/\/x.com\/denjustpeace"]}]}},"_links":{"self":[{"href":"https:\/\/denjustpeace.org\/es\/wp-json\/wp\/v2\/pages\/152"}],"collection":[{"href":"https:\/\/denjustpeace.org\/es\/wp-json\/wp\/v2\/pages"}],"about":[{"href":"https:\/\/denjustpeace.org\/es\/wp-json\/wp\/v2\/types\/page"}],"author":[{"embeddable":true,"href":"https:\/\/denjustpeace.org\/es\/wp-json\/wp\/v2\/users\/1"}],"replies":[{"embeddable":true,"href":"https:\/\/denjustpeace.org\/es\/wp-json\/wp\/v2\/comments?post=152"}],"version-history":[{"count":19,"href":"https:\/\/denjustpeace.org\/es\/wp-json\/wp\/v2\/pages\/152\/revisions"}],"predecessor-version":[{"id":9573,"href":"https:\/\/denjustpeace.org\/es\/wp-json\/wp\/v2\/pages\/152\/revisions\/9573"}],"up":[{"embeddable":true,"href":"https:\/\/denjustpeace.org\/es\/wp-json\/wp\/v2\/pages\/2"}],"wp:featuredmedia":[{"embeddable":true,"href":"https:\/\/denjustpeace.org\/es\/wp-json\/wp\/v2\/media\/532"}],"wp:attachment":[{"href":"https:\/\/denjustpeace.org\/es\/wp-json\/wp\/v2\/media?parent=152"}],"curies":[{"name":"wp","href":"https:\/\/api.w.org\/{rel}","templated":true}]}}