{"id":1052,"date":"2009-08-04T18:10:08","date_gmt":"2009-08-05T00:10:08","guid":{"rendered":"http:\/\/denjustpeace.org\/wordpress\/?page_id=1052"},"modified":"2013-10-21T16:27:54","modified_gmt":"2013-10-21T22:27:54","slug":"legislative-advocacy","status":"publish","type":"page","link":"https:\/\/denjustpeace.org\/es\/how-we-work\/non-violent-activism\/legislative-advocacy\/","title":{"rendered":"(English) Legislative Advocacy"},"content":{"rendered":"<p class=\"qtranxs-available-languages-message qtranxs-available-languages-message-es\">Disculpa, pero esta entrada est\u00e1 disponible s\u00f3lo en <a href=\"https:\/\/denjustpeace.org\/en\/wp-json\/wp\/v2\/pages\/1052\" class=\"qtranxs-available-language-link qtranxs-available-language-link-en\" title=\"English\">Ingl\u00e9s Estadounidense<\/a>.<\/p>","protected":false},"excerpt":{"rendered":"<p>Disculpa, pero esta entrada est\u00e1 disponible s\u00f3lo en Ingl\u00e9s Estadounidense.<\/p>\n","protected":false},"author":7,"featured_media":0,"parent":56,"menu_order":4,"comment_status":"open","ping_status":"open","template":"","meta":{"footnotes":"","_links_to":"","_links_to_target":""},"yoast_head":"<!-- This site is optimized with the Yoast SEO plugin v23.5 - https:\/\/yoast.com\/wordpress\/plugins\/seo\/ -->\n<title>(English) Legislative Advocacy - Denver Justice &amp; Peace Committee<\/title>\n<meta name=\"robots\" content=\"index, follow, max-snippet:-1, max-image-preview:large, max-video-preview:-1\" \/>\n<link rel=\"canonical\" href=\"https:\/\/denjustpeace.org\/es\/how-we-work\/non-violent-activism\/legislative-advocacy\/\" \/>\n<meta property=\"og:locale\" content=\"es_ES\" \/>\n<meta property=\"og:type\" content=\"article\" \/>\n<meta property=\"og:title\" content=\"(English) Legislative Advocacy - Denver Justice &amp; Peace Committee\" \/>\n<meta property=\"og:description\" content=\"Disculpa, pero esta entrada est\u00e1 disponible s\u00f3lo en Ingl\u00e9s Estadounidense.\" \/>\n<meta property=\"og:url\" content=\"https:\/\/denjustpeace.org\/es\/how-we-work\/non-violent-activism\/legislative-advocacy\/\" \/>\n<meta property=\"og:site_name\" content=\"Denver Justice &amp; Peace Committee\" \/>\n<meta property=\"article:publisher\" content=\"https:\/\/www.facebook.com\/DenverJusticeandPeaceCommittee\/\" \/>\n<meta property=\"article:modified_time\" content=\"2013-10-21T22:27:54+00:00\" \/>\n<meta property=\"og:image\" content=\"https:\/\/denjustpeace.org\/wordpress\/wp-content\/uploads\/djpclogo.jpg\" \/>\n\t<meta property=\"og:image:width\" content=\"260\" \/>\n\t<meta property=\"og:image:height\" content=\"260\" \/>\n\t<meta property=\"og:image:type\" content=\"image\/jpeg\" \/>\n<meta name=\"twitter:card\" content=\"summary_large_image\" \/>\n<meta name=\"twitter:site\" content=\"@denjustpeace\" \/>\n<meta name=\"twitter:label1\" content=\"Tiempo de lectura\" \/>\n\t<meta name=\"twitter:data1\" content=\"4 minutos\" \/>\n<script type=\"application\/ld+json\" class=\"yoast-schema-graph\">{\"@context\":\"https:\/\/schema.org\",\"@graph\":[{\"@type\":\"WebPage\",\"@id\":\"https:\/\/denjustpeace.org\/es\/how-we-work\/non-violent-activism\/legislative-advocacy\/\",\"url\":\"https:\/\/denjustpeace.org\/es\/how-we-work\/non-violent-activism\/legislative-advocacy\/\",\"name\":\"(English) Legislative Advocacy - Denver Justice &amp; Peace Committee\",\"isPartOf\":{\"@id\":\"https:\/\/denjustpeace.org\/es\/#website\"},\"datePublished\":\"2009-08-05T00:10:08+00:00\",\"dateModified\":\"2013-10-21T22:27:54+00:00\",\"breadcrumb\":{\"@id\":\"https:\/\/denjustpeace.org\/es\/how-we-work\/non-violent-activism\/legislative-advocacy\/#breadcrumb\"},\"inLanguage\":\"es\",\"potentialAction\":[{\"@type\":\"ReadAction\",\"target\":[\"https:\/\/denjustpeace.org\/es\/how-we-work\/non-violent-activism\/legislative-advocacy\/\"]}]},{\"@type\":\"BreadcrumbList\",\"@id\":\"https:\/\/denjustpeace.org\/es\/how-we-work\/non-violent-activism\/legislative-advocacy\/#breadcrumb\",\"itemListElement\":[{\"@type\":\"ListItem\",\"position\":1,\"name\":\"Home\",\"item\":\"https:\/\/denjustpeace.org\/es\/\"},{\"@type\":\"ListItem\",\"position\":2,\"name\":\"How We Work\",\"item\":\"https:\/\/denjustpeace.org\/es\/how-we-work\/\"},{\"@type\":\"ListItem\",\"position\":3,\"name\":\"Nonviolent Activism\",\"item\":\"https:\/\/denjustpeace.org\/es\/how-we-work\/non-violent-activism\/\"},{\"@type\":\"ListItem\",\"position\":4,\"name\":\"(English) Legislative Advocacy\"}]},{\"@type\":\"WebSite\",\"@id\":\"https:\/\/denjustpeace.org\/es\/#website\",\"url\":\"https:\/\/denjustpeace.org\/es\/\",\"name\":\"Denver Justice &amp; Peace Committee\",\"description\":\"\",\"publisher\":{\"@id\":\"https:\/\/denjustpeace.org\/es\/#organization\"},\"potentialAction\":[{\"@type\":\"SearchAction\",\"target\":{\"@type\":\"EntryPoint\",\"urlTemplate\":\"https:\/\/denjustpeace.org\/es\/?s={search_term_string}\"},\"query-input\":{\"@type\":\"PropertyValueSpecification\",\"valueRequired\":true,\"valueName\":\"search_term_string\"}}],\"inLanguage\":\"es\"},{\"@type\":\"Organization\",\"@id\":\"https:\/\/denjustpeace.org\/es\/#organization\",\"name\":\"Denver Justice & Peace Committee\",\"url\":\"https:\/\/denjustpeace.org\/es\/\",\"logo\":{\"@type\":\"ImageObject\",\"inLanguage\":\"es\",\"@id\":\"https:\/\/denjustpeace.org\/es\/#\/schema\/logo\/image\/\",\"url\":\"http:\/\/denjustpeace.org\/wordpress\/wp-content\/uploads\/djpclogo.jpg\",\"contentUrl\":\"http:\/\/denjustpeace.org\/wordpress\/wp-content\/uploads\/djpclogo.jpg\",\"width\":260,\"height\":260,\"caption\":\"Denver Justice & Peace Committee\"},\"image\":{\"@id\":\"https:\/\/denjustpeace.org\/es\/#\/schema\/logo\/image\/\"},\"sameAs\":[\"https:\/\/www.facebook.com\/DenverJusticeandPeaceCommittee\/\",\"https:\/\/x.com\/denjustpeace\"]}]}<\/script>\n<!-- \/ Yoast SEO plugin. -->","yoast_head_json":{"title":"(English) Legislative Advocacy - Denver Justice &amp; Peace Committee","robots":{"index":"index","follow":"follow","max-snippet":"max-snippet:-1","max-image-preview":"max-image-preview:large","max-video-preview":"max-video-preview:-1"},"canonical":"https:\/\/denjustpeace.org\/es\/how-we-work\/non-violent-activism\/legislative-advocacy\/","og_locale":"es_ES","og_type":"article","og_title":"(English) Legislative Advocacy - Denver Justice &amp; Peace Committee","og_description":"Disculpa, pero esta entrada est\u00e1 disponible s\u00f3lo en Ingl\u00e9s Estadounidense.","og_url":"https:\/\/denjustpeace.org\/es\/how-we-work\/non-violent-activism\/legislative-advocacy\/","og_site_name":"Denver Justice &amp; Peace Committee","article_publisher":"https:\/\/www.facebook.com\/DenverJusticeandPeaceCommittee\/","article_modified_time":"2013-10-21T22:27:54+00:00","og_image":[{"width":260,"height":260,"url":"https:\/\/denjustpeace.org\/wordpress\/wp-content\/uploads\/djpclogo.jpg","type":"image\/jpeg"}],"twitter_card":"summary_large_image","twitter_site":"@denjustpeace","twitter_misc":{"Tiempo de lectura":"4 minutos"},"schema":{"@context":"https:\/\/schema.org","@graph":[{"@type":"WebPage","@id":"https:\/\/denjustpeace.org\/es\/how-we-work\/non-violent-activism\/legislative-advocacy\/","url":"https:\/\/denjustpeace.org\/es\/how-we-work\/non-violent-activism\/legislative-advocacy\/","name":"(English) Legislative Advocacy - Denver Justice &amp; Peace Committee","isPartOf":{"@id":"https:\/\/denjustpeace.org\/es\/#website"},"datePublished":"2009-08-05T00:10:08+00:00","dateModified":"2013-10-21T22:27:54+00:00","breadcrumb":{"@id":"https:\/\/denjustpeace.org\/es\/how-we-work\/non-violent-activism\/legislative-advocacy\/#breadcrumb"},"inLanguage":"es","potentialAction":[{"@type":"ReadAction","target":["https:\/\/denjustpeace.org\/es\/how-we-work\/non-violent-activism\/legislative-advocacy\/"]}]},{"@type":"BreadcrumbList","@id":"https:\/\/denjustpeace.org\/es\/how-we-work\/non-violent-activism\/legislative-advocacy\/#breadcrumb","itemListElement":[{"@type":"ListItem","position":1,"name":"Home","item":"https:\/\/denjustpeace.org\/es\/"},{"@type":"ListItem","position":2,"name":"How We Work","item":"https:\/\/denjustpeace.org\/es\/how-we-work\/"},{"@type":"ListItem","position":3,"name":"Nonviolent Activism","item":"https:\/\/denjustpeace.org\/es\/how-we-work\/non-violent-activism\/"},{"@type":"ListItem","position":4,"name":"(English) Legislative Advocacy"}]},{"@type":"WebSite","@id":"https:\/\/denjustpeace.org\/es\/#website","url":"https:\/\/denjustpeace.org\/es\/","name":"Denver Justice &amp; Peace Committee","description":"","publisher":{"@id":"https:\/\/denjustpeace.org\/es\/#organization"},"potentialAction":[{"@type":"SearchAction","target":{"@type":"EntryPoint","urlTemplate":"https:\/\/denjustpeace.org\/es\/?s={search_term_string}"},"query-input":{"@type":"PropertyValueSpecification","valueRequired":true,"valueName":"search_term_string"}}],"inLanguage":"es"},{"@type":"Organization","@id":"https:\/\/denjustpeace.org\/es\/#organization","name":"Denver Justice & Peace Committee","url":"https:\/\/denjustpeace.org\/es\/","logo":{"@type":"ImageObject","inLanguage":"es","@id":"https:\/\/denjustpeace.org\/es\/#\/schema\/logo\/image\/","url":"http:\/\/denjustpeace.org\/wordpress\/wp-content\/uploads\/djpclogo.jpg","contentUrl":"http:\/\/denjustpeace.org\/wordpress\/wp-content\/uploads\/djpclogo.jpg","width":260,"height":260,"caption":"Denver Justice & Peace Committee"},"image":{"@id":"https:\/\/denjustpeace.org\/es\/#\/schema\/logo\/image\/"},"sameAs":["https:\/\/www.facebook.com\/DenverJusticeandPeaceCommittee\/","https:\/\/x.com\/denjustpeace"]}]}},"_links":{"self":[{"href":"https:\/\/denjustpeace.org\/es\/wp-json\/wp\/v2\/pages\/1052"}],"collection":[{"href":"https:\/\/denjustpeace.org\/es\/wp-json\/wp\/v2\/pages"}],"about":[{"href":"https:\/\/denjustpeace.org\/es\/wp-json\/wp\/v2\/types\/page"}],"author":[{"embeddable":true,"href":"https:\/\/denjustpeace.org\/es\/wp-json\/wp\/v2\/users\/7"}],"replies":[{"embeddable":true,"href":"https:\/\/denjustpeace.org\/es\/wp-json\/wp\/v2\/comments?post=1052"}],"version-history":[{"count":6,"href":"https:\/\/denjustpeace.org\/es\/wp-json\/wp\/v2\/pages\/1052\/revisions"}],"predecessor-version":[{"id":3961,"href":"https:\/\/denjustpeace.org\/es\/wp-json\/wp\/v2\/pages\/1052\/revisions\/3961"}],"up":[{"embeddable":true,"href":"https:\/\/denjustpeace.org\/es\/wp-json\/wp\/v2\/pages\/56"}],"wp:attachment":[{"href":"https:\/\/denjustpeace.org\/es\/wp-json\/wp\/v2\/media?parent=1052"}],"curies":[{"name":"wp","href":"https:\/\/api.w.org\/{rel}","templated":true}]}}